{"id":75154,"date":"2024-12-27T02:23:28","date_gmt":"2024-12-27T01:23:28","guid":{"rendered":"https:\/\/www.atta45.se\/e-butik\/?post_type=product&#038;p=75154"},"modified":"2025-10-27T17:30:31","modified_gmt":"2025-10-27T16:30:31","slug":"horizon","status":"publish","type":"product","link":"https:\/\/www.atta45.se\/e-butik\/produkt\/horizon\/","title":{"rendered":"Mugg Horizon"},"content":{"rendered":"<p>Klassisk mugg med stort tryckutrymme. En enkel och stilren porslinsmugg som kommer att vara den perfekta bakgrunden f\u00f6r att f\u00f6rmedla ett f\u00f6retags v\u00e4rderingar. Dess ergonomiska form och vide utrymme erbjuder fantastiska utskriftsm\u00f6jligheter. Tillverkad i EU.<\/p>\n","protected":false},"excerpt":{"rendered":"<p>Klassisk mugg med stort tryckutrymme. En enkel och stilren porslinsmugg som kommer att vara den perfekta bakgrunden f\u00f6r att f\u00f6rmedla ett f\u00f6retags v\u00e4rderingar. Dess ergonomiska form och vide utrymme erbjuder fantastiska utskriftsm\u00f6jligheter. Tillverkad i EU.<\/p>\n","protected":false},"featured_media":75155,"template":"","meta":{"_acf_changed":false,"_seopress_robots_primary_cat":"","_seopress_titles_title":"","_seopress_titles_desc":"","_seopress_robots_index":""},"product_brand":[],"product_cat":[15],"product_tag":[],"class_list":{"0":"post-75154","1":"product","2":"type-product","3":"status-publish","4":"has-post-thumbnail","6":"product_cat-okategoriserad","7":"atta45_taxonomy-tema-inspiration-varumarken-cupline-sv","8":"atta45_taxonomy-hem-hushall-muggar-sv","9":"atta45_taxonomy-muggar-muggar-sv","11":"first","12":"instock","13":"taxable","14":"shipping-taxable","15":"purchasable","16":"product-type-variable"},"acf":[],"_links":{"self":[{"href":"https:\/\/www.atta45.se\/e-butik\/wp-json\/wp\/v2\/product\/75154","targetHints":{"allow":["GET"]}}],"collection":[{"href":"https:\/\/www.atta45.se\/e-butik\/wp-json\/wp\/v2\/product"}],"about":[{"href":"https:\/\/www.atta45.se\/e-butik\/wp-json\/wp\/v2\/types\/product"}],"wp:featuredmedia":[{"embeddable":true,"href":"https:\/\/www.atta45.se\/e-butik\/wp-json\/wp\/v2\/media\/75155"}],"wp:attachment":[{"href":"https:\/\/www.atta45.se\/e-butik\/wp-json\/wp\/v2\/media?parent=75154"}],"wp:term":[{"taxonomy":"product_brand","embeddable":true,"href":"https:\/\/www.atta45.se\/e-butik\/wp-json\/wp\/v2\/product_brand?post=75154"},{"taxonomy":"product_cat","embeddable":true,"href":"https:\/\/www.atta45.se\/e-butik\/wp-json\/wp\/v2\/product_cat?post=75154"},{"taxonomy":"product_tag","embeddable":true,"href":"https:\/\/www.atta45.se\/e-butik\/wp-json\/wp\/v2\/product_tag?post=75154"}],"curies":[{"name":"wp","href":"https:\/\/api.w.org\/{rel}","templated":true}]}}