{"id":75034,"date":"2024-12-27T02:21:29","date_gmt":"2024-12-27T01:21:29","guid":{"rendered":"https:\/\/www.atta45.se\/e-butik\/?post_type=product&#038;p=75034"},"modified":"2025-10-27T17:28:53","modified_gmt":"2025-10-27T16:28:53","slug":"fox-emotion","status":"publish","type":"product","link":"https:\/\/www.atta45.se\/e-butik\/produkt\/fox-emotion\/","title":{"rendered":"Mugg Fox (Emotion)"},"content":{"rendered":"<p>Tidigare k\u00e4nd som Emotion muggen. Moderiktig mugg med raka v\u00e4ggar. Den finns i 2 f\u00e4rgversioner. Det erbjuder fantastiska varum\u00e4rkesm\u00f6jligheter.<\/p>\n","protected":false},"excerpt":{"rendered":"<p>Tidigare k\u00e4nd som Emotion muggen. Moderiktig mugg med raka v\u00e4ggar. Den finns i 2 f\u00e4rgversioner. Det erbjuder fantastiska varum\u00e4rkesm\u00f6jligheter.<\/p>\n","protected":false},"featured_media":75035,"template":"","meta":{"_acf_changed":false,"_seopress_robots_primary_cat":"","_seopress_titles_title":"","_seopress_titles_desc":"","_seopress_robots_index":""},"product_brand":[],"product_cat":[15],"product_tag":[],"class_list":{"0":"post-75034","1":"product","2":"type-product","3":"status-publish","4":"has-post-thumbnail","6":"product_cat-okategoriserad","7":"atta45_taxonomy-tema-inspiration-varumarken-cupline-sv","8":"atta45_taxonomy-muggar-muggar-sv","9":"atta45_taxonomy-hem-hushall-muggar-sv","11":"first","12":"instock","13":"taxable","14":"shipping-taxable","15":"purchasable","16":"product-type-variable"},"acf":[],"_links":{"self":[{"href":"https:\/\/www.atta45.se\/e-butik\/wp-json\/wp\/v2\/product\/75034","targetHints":{"allow":["GET"]}}],"collection":[{"href":"https:\/\/www.atta45.se\/e-butik\/wp-json\/wp\/v2\/product"}],"about":[{"href":"https:\/\/www.atta45.se\/e-butik\/wp-json\/wp\/v2\/types\/product"}],"wp:featuredmedia":[{"embeddable":true,"href":"https:\/\/www.atta45.se\/e-butik\/wp-json\/wp\/v2\/media\/75035"}],"wp:attachment":[{"href":"https:\/\/www.atta45.se\/e-butik\/wp-json\/wp\/v2\/media?parent=75034"}],"wp:term":[{"taxonomy":"product_brand","embeddable":true,"href":"https:\/\/www.atta45.se\/e-butik\/wp-json\/wp\/v2\/product_brand?post=75034"},{"taxonomy":"product_cat","embeddable":true,"href":"https:\/\/www.atta45.se\/e-butik\/wp-json\/wp\/v2\/product_cat?post=75034"},{"taxonomy":"product_tag","embeddable":true,"href":"https:\/\/www.atta45.se\/e-butik\/wp-json\/wp\/v2\/product_tag?post=75034"}],"curies":[{"name":"wp","href":"https:\/\/api.w.org\/{rel}","templated":true}]}}