{"id":74962,"date":"2024-12-27T02:20:26","date_gmt":"2024-12-27T01:20:26","guid":{"rendered":"https:\/\/www.atta45.se\/e-butik\/?post_type=product&#038;p=74962"},"modified":"2025-10-27T17:27:55","modified_gmt":"2025-10-27T16:27:55","slug":"eris","status":"publish","type":"product","link":"https:\/\/www.atta45.se\/e-butik\/produkt\/eris\/","title":{"rendered":"Mugg Eris porslin"},"content":{"rendered":"<p>En subtil porslinsmugg med ett brett utbud av dekorationsalternativ, garanterar utm\u00e4rkt varum\u00e4rkesk\u00e4nnedom.<\/p>\n","protected":false},"excerpt":{"rendered":"<p>En subtil porslinsmugg med ett brett utbud av dekorationsalternativ, garanterar utm\u00e4rkt varum\u00e4rkesk\u00e4nnedom.<\/p>\n","protected":false},"featured_media":74963,"template":"","meta":{"_acf_changed":false,"_seopress_robots_primary_cat":"","_seopress_titles_title":"","_seopress_titles_desc":"","_seopress_robots_index":""},"product_brand":[],"product_cat":[15],"product_tag":[],"class_list":{"0":"post-74962","1":"product","2":"type-product","3":"status-publish","4":"has-post-thumbnail","6":"product_cat-okategoriserad","7":"atta45_taxonomy-tema-inspiration-varumarken-cupline-sv","8":"atta45_taxonomy-hem-hushall-muggar-sv","9":"atta45_taxonomy-muggar-muggar-sv","11":"first","12":"instock","13":"taxable","14":"shipping-taxable","15":"purchasable","16":"product-type-variable"},"acf":[],"_links":{"self":[{"href":"https:\/\/www.atta45.se\/e-butik\/wp-json\/wp\/v2\/product\/74962","targetHints":{"allow":["GET"]}}],"collection":[{"href":"https:\/\/www.atta45.se\/e-butik\/wp-json\/wp\/v2\/product"}],"about":[{"href":"https:\/\/www.atta45.se\/e-butik\/wp-json\/wp\/v2\/types\/product"}],"wp:featuredmedia":[{"embeddable":true,"href":"https:\/\/www.atta45.se\/e-butik\/wp-json\/wp\/v2\/media\/74963"}],"wp:attachment":[{"href":"https:\/\/www.atta45.se\/e-butik\/wp-json\/wp\/v2\/media?parent=74962"}],"wp:term":[{"taxonomy":"product_brand","embeddable":true,"href":"https:\/\/www.atta45.se\/e-butik\/wp-json\/wp\/v2\/product_brand?post=74962"},{"taxonomy":"product_cat","embeddable":true,"href":"https:\/\/www.atta45.se\/e-butik\/wp-json\/wp\/v2\/product_cat?post=74962"},{"taxonomy":"product_tag","embeddable":true,"href":"https:\/\/www.atta45.se\/e-butik\/wp-json\/wp\/v2\/product_tag?post=74962"}],"curies":[{"name":"wp","href":"https:\/\/api.w.org\/{rel}","templated":true}]}}