{"id":7495,"date":"2021-04-13T15:51:43","date_gmt":"2021-04-13T13:51:43","guid":{"rendered":"https:\/\/www.atta45.se\/e-butik\/?post_type=product&#038;p=7495"},"modified":"2021-04-21T11:10:48","modified_gmt":"2021-04-21T09:10:48","slug":"skylt-brf-ordforande","status":"publish","type":"product","link":"https:\/\/www.atta45.se\/e-butik\/produkt\/skylt-brf-ordforande\/","title":{"rendered":"Skylt \u201dBrf Ordf\u00f6rande\u201d"},"content":{"rendered":"","protected":false},"excerpt":{"rendered":"<p><strong>Format: 150&#215;60 mm. Material: 5 mm Forex.\u00a0<\/strong>En klassisk skylt med ett starkt signalv\u00e4rde som ber\u00e4ttar p\u00e5 ett tydligt s\u00e4tt att\u00a0h\u00e4r \u00e4r Brf Ordf\u00f6randen.<\/p>\n<p><a href=\"https:\/\/www.atta45.se\/e-butik\/brf\/\">Tillbaka till produktsidan f\u00f6r BRF.<\/a><\/p>\n<p>&nbsp;<\/p>\n","protected":false},"featured_media":7489,"template":"","meta":{"_acf_changed":false,"_seopress_robots_primary_cat":"none","_seopress_titles_title":"Skylt Brf Ordf\u00f6rande | \u00c5tta.45 Tryckeri","_seopress_titles_desc":"Vi har alla typer av skyltar f\u00f6r din bostadsr\u00e4ttsf\u00f6rening. Vi tillverkar skyltar i h\u00e5llbara material med snabb leverans till b\u00e4sta pris!","_seopress_robots_index":""},"product_brand":[],"product_cat":[591],"product_tag":[],"class_list":{"0":"post-7495","1":"product","2":"type-product","3":"status-publish","4":"has-post-thumbnail","6":"product_cat-brf","8":"first","9":"instock","10":"taxable","11":"shipping-taxable","12":"purchasable","13":"product-type-simple"},"acf":[],"_links":{"self":[{"href":"https:\/\/www.atta45.se\/e-butik\/wp-json\/wp\/v2\/product\/7495","targetHints":{"allow":["GET"]}}],"collection":[{"href":"https:\/\/www.atta45.se\/e-butik\/wp-json\/wp\/v2\/product"}],"about":[{"href":"https:\/\/www.atta45.se\/e-butik\/wp-json\/wp\/v2\/types\/product"}],"wp:featuredmedia":[{"embeddable":true,"href":"https:\/\/www.atta45.se\/e-butik\/wp-json\/wp\/v2\/media\/7489"}],"wp:attachment":[{"href":"https:\/\/www.atta45.se\/e-butik\/wp-json\/wp\/v2\/media?parent=7495"}],"wp:term":[{"taxonomy":"product_brand","embeddable":true,"href":"https:\/\/www.atta45.se\/e-butik\/wp-json\/wp\/v2\/product_brand?post=7495"},{"taxonomy":"product_cat","embeddable":true,"href":"https:\/\/www.atta45.se\/e-butik\/wp-json\/wp\/v2\/product_cat?post=7495"},{"taxonomy":"product_tag","embeddable":true,"href":"https:\/\/www.atta45.se\/e-butik\/wp-json\/wp\/v2\/product_tag?post=7495"}],"curies":[{"name":"wp","href":"https:\/\/api.w.org\/{rel}","templated":true}]}}