{"id":74902,"date":"2024-12-27T02:19:31","date_gmt":"2024-12-27T01:19:31","guid":{"rendered":"https:\/\/www.atta45.se\/e-butik\/?post_type=product&#038;p=74902"},"modified":"2025-10-27T17:27:12","modified_gmt":"2025-10-27T16:27:12","slug":"fiord","status":"publish","type":"product","link":"https:\/\/www.atta45.se\/e-butik\/produkt\/fiord\/","title":{"rendered":"Mugg Fiord Matt"},"content":{"rendered":"<p>Matt mugg i trendiga f\u00e4rger. F\u00f6rdjupningarna i muggens bas tj\u00e4nar till att avleda v\u00e4rme, tack vare vilken den inte l\u00e4mnar fula m\u00e4rken p\u00e5 m\u00f6blerna.<\/p>\n","protected":false},"excerpt":{"rendered":"<p>Matt mugg i trendiga f\u00e4rger. F\u00f6rdjupningarna i muggens bas tj\u00e4nar till att avleda v\u00e4rme, tack vare vilken den inte l\u00e4mnar fula m\u00e4rken p\u00e5 m\u00f6blerna.<\/p>\n","protected":false},"featured_media":74903,"template":"","meta":{"_acf_changed":false,"_seopress_robots_primary_cat":"","_seopress_titles_title":"","_seopress_titles_desc":"","_seopress_robots_index":""},"product_brand":[],"product_cat":[15],"product_tag":[],"class_list":{"0":"post-74902","1":"product","2":"type-product","3":"status-publish","4":"has-post-thumbnail","6":"product_cat-okategoriserad","7":"atta45_taxonomy-tema-inspiration-varumarken-cupline-sv","8":"atta45_taxonomy-hem-hushall-muggar-sv","9":"atta45_taxonomy-muggar-muggar-sv","11":"first","12":"instock","13":"taxable","14":"shipping-taxable","15":"purchasable","16":"product-type-variable"},"acf":[],"_links":{"self":[{"href":"https:\/\/www.atta45.se\/e-butik\/wp-json\/wp\/v2\/product\/74902","targetHints":{"allow":["GET"]}}],"collection":[{"href":"https:\/\/www.atta45.se\/e-butik\/wp-json\/wp\/v2\/product"}],"about":[{"href":"https:\/\/www.atta45.se\/e-butik\/wp-json\/wp\/v2\/types\/product"}],"wp:featuredmedia":[{"embeddable":true,"href":"https:\/\/www.atta45.se\/e-butik\/wp-json\/wp\/v2\/media\/74903"}],"wp:attachment":[{"href":"https:\/\/www.atta45.se\/e-butik\/wp-json\/wp\/v2\/media?parent=74902"}],"wp:term":[{"taxonomy":"product_brand","embeddable":true,"href":"https:\/\/www.atta45.se\/e-butik\/wp-json\/wp\/v2\/product_brand?post=74902"},{"taxonomy":"product_cat","embeddable":true,"href":"https:\/\/www.atta45.se\/e-butik\/wp-json\/wp\/v2\/product_cat?post=74902"},{"taxonomy":"product_tag","embeddable":true,"href":"https:\/\/www.atta45.se\/e-butik\/wp-json\/wp\/v2\/product_tag?post=74902"}],"curies":[{"name":"wp","href":"https:\/\/api.w.org\/{rel}","templated":true}]}}