{"id":74844,"date":"2024-12-27T02:18:35","date_gmt":"2024-12-27T01:18:35","guid":{"rendered":"https:\/\/www.atta45.se\/e-butik\/?post_type=product&#038;p=74844"},"modified":"2025-10-27T17:26:04","modified_gmt":"2025-10-27T16:26:04","slug":"latte-art-ii","status":"publish","type":"product","link":"https:\/\/www.atta45.se\/e-butik\/produkt\/latte-art-ii\/","title":{"rendered":"Mugg Latte Art II"},"content":{"rendered":"<p>Konformad mugg. Denna modell \u00e4r anpassad f\u00f6r till\u00e4mpningen av h\u00f6gkvalitativt tryck, med hj\u00e4lp av Art Print-tekniken.<\/p>\n","protected":false},"excerpt":{"rendered":"<p>Konformad mugg. Denna modell \u00e4r anpassad f\u00f6r till\u00e4mpningen av h\u00f6gkvalitativt tryck, med hj\u00e4lp av Art Print-tekniken.<\/p>\n","protected":false},"featured_media":74845,"template":"","meta":{"_acf_changed":false,"_seopress_robots_primary_cat":"","_seopress_titles_title":"","_seopress_titles_desc":"","_seopress_robots_index":""},"product_brand":[],"product_cat":[15],"product_tag":[],"class_list":{"0":"post-74844","1":"product","2":"type-product","3":"status-publish","4":"has-post-thumbnail","6":"product_cat-okategoriserad","7":"atta45_taxonomy-muggar-art-print-muggar-sv","8":"atta45_taxonomy-tema-inspiration-varumarken-cupline-sv","9":"atta45_taxonomy-hem-hushall-muggar-sv","11":"first","12":"instock","13":"taxable","14":"shipping-taxable","15":"purchasable","16":"product-type-variable"},"acf":[],"_links":{"self":[{"href":"https:\/\/www.atta45.se\/e-butik\/wp-json\/wp\/v2\/product\/74844","targetHints":{"allow":["GET"]}}],"collection":[{"href":"https:\/\/www.atta45.se\/e-butik\/wp-json\/wp\/v2\/product"}],"about":[{"href":"https:\/\/www.atta45.se\/e-butik\/wp-json\/wp\/v2\/types\/product"}],"wp:featuredmedia":[{"embeddable":true,"href":"https:\/\/www.atta45.se\/e-butik\/wp-json\/wp\/v2\/media\/74845"}],"wp:attachment":[{"href":"https:\/\/www.atta45.se\/e-butik\/wp-json\/wp\/v2\/media?parent=74844"}],"wp:term":[{"taxonomy":"product_brand","embeddable":true,"href":"https:\/\/www.atta45.se\/e-butik\/wp-json\/wp\/v2\/product_brand?post=74844"},{"taxonomy":"product_cat","embeddable":true,"href":"https:\/\/www.atta45.se\/e-butik\/wp-json\/wp\/v2\/product_cat?post=74844"},{"taxonomy":"product_tag","embeddable":true,"href":"https:\/\/www.atta45.se\/e-butik\/wp-json\/wp\/v2\/product_tag?post=74844"}],"curies":[{"name":"wp","href":"https:\/\/api.w.org\/{rel}","templated":true}]}}