{"id":74596,"date":"2024-12-27T02:14:04","date_gmt":"2024-12-27T01:14:04","guid":{"rendered":"https:\/\/www.atta45.se\/e-butik\/?post_type=product&#038;p=74596"},"modified":"2025-10-27T17:20:50","modified_gmt":"2025-10-27T16:20:50","slug":"lucas-200-ml","status":"publish","type":"product","link":"https:\/\/www.atta45.se\/e-butik\/produkt\/lucas-200-ml\/","title":{"rendered":"Mugg Lucas 200 ml"},"content":{"rendered":"<p>Denna modell \u00e4r gjord av porslin. Stor, rymlig och ergonomisk kopp. Det som pr\u00e4glar designen \u00e4r banden p\u00e5 b\u00e4gge sidorna av \u00f6rat. Ett detalj som framh\u00e4ver anv\u00e4ndarens orginalitet.<\/p>\n","protected":false},"excerpt":{"rendered":"<p>Denna modell \u00e4r gjord av porslin. Stor, rymlig och ergonomisk kopp. Det som pr\u00e4glar designen \u00e4r banden p\u00e5 b\u00e4gge sidorna av \u00f6rat. Ett detalj som framh\u00e4ver anv\u00e4ndarens orginalitet.<\/p>\n","protected":false},"featured_media":74597,"template":"","meta":{"_acf_changed":false,"_seopress_robots_primary_cat":"","_seopress_titles_title":"","_seopress_titles_desc":"","_seopress_robots_index":""},"product_brand":[],"product_cat":[15],"product_tag":[],"class_list":{"0":"post-74596","1":"product","2":"type-product","3":"status-publish","4":"has-post-thumbnail","6":"product_cat-okategoriserad","7":"atta45_taxonomy-tema-inspiration-varumarken-cupline-sv","8":"atta45_taxonomy-hem-hushall-muggar-sv","9":"atta45_taxonomy-muggar-muggar-sv","11":"first","12":"instock","13":"taxable","14":"shipping-taxable","15":"purchasable","16":"product-type-variable"},"acf":[],"_links":{"self":[{"href":"https:\/\/www.atta45.se\/e-butik\/wp-json\/wp\/v2\/product\/74596","targetHints":{"allow":["GET"]}}],"collection":[{"href":"https:\/\/www.atta45.se\/e-butik\/wp-json\/wp\/v2\/product"}],"about":[{"href":"https:\/\/www.atta45.se\/e-butik\/wp-json\/wp\/v2\/types\/product"}],"wp:featuredmedia":[{"embeddable":true,"href":"https:\/\/www.atta45.se\/e-butik\/wp-json\/wp\/v2\/media\/74597"}],"wp:attachment":[{"href":"https:\/\/www.atta45.se\/e-butik\/wp-json\/wp\/v2\/media?parent=74596"}],"wp:term":[{"taxonomy":"product_brand","embeddable":true,"href":"https:\/\/www.atta45.se\/e-butik\/wp-json\/wp\/v2\/product_brand?post=74596"},{"taxonomy":"product_cat","embeddable":true,"href":"https:\/\/www.atta45.se\/e-butik\/wp-json\/wp\/v2\/product_cat?post=74596"},{"taxonomy":"product_tag","embeddable":true,"href":"https:\/\/www.atta45.se\/e-butik\/wp-json\/wp\/v2\/product_tag?post=74596"}],"curies":[{"name":"wp","href":"https:\/\/api.w.org\/{rel}","templated":true}]}}