{"id":74466,"date":"2024-12-27T02:12:11","date_gmt":"2024-12-27T01:12:11","guid":{"rendered":"https:\/\/www.atta45.se\/e-butik\/?post_type=product&#038;p=74466"},"modified":"2025-10-27T17:17:33","modified_gmt":"2025-10-27T16:17:33","slug":"diamond","status":"publish","type":"product","link":"https:\/\/www.atta45.se\/e-butik\/produkt\/diamond\/","title":{"rendered":"Mugg Diamond"},"content":{"rendered":"<p>Ny promotion mugg i keramik. H\u00e4rligt diamantf\u00e4rgat m\u00f6nster i den nedre delen av muggen. En fashion design som utm\u00e4rker sig av sin orginalitet.<\/p>\n","protected":false},"excerpt":{"rendered":"<p>Ny promotion mugg i keramik. H\u00e4rligt diamantf\u00e4rgat m\u00f6nster i den nedre delen av muggen. En fashion design som utm\u00e4rker sig av sin orginalitet.<\/p>\n","protected":false},"featured_media":377391,"template":"","meta":{"_acf_changed":false,"_seopress_robots_primary_cat":"","_seopress_titles_title":"","_seopress_titles_desc":"","_seopress_robots_index":""},"product_brand":[],"product_cat":[15],"product_tag":[],"class_list":{"0":"post-74466","1":"product","2":"type-product","3":"status-publish","4":"has-post-thumbnail","6":"product_cat-okategoriserad","7":"atta45_taxonomy-tema-inspiration-varumarken-cupline-sv","8":"atta45_taxonomy-hem-hushall-muggar-sv","9":"atta45_taxonomy-muggar-muggar-sv","11":"first","12":"instock","13":"taxable","14":"shipping-taxable","15":"purchasable","16":"product-type-variable"},"acf":[],"_links":{"self":[{"href":"https:\/\/www.atta45.se\/e-butik\/wp-json\/wp\/v2\/product\/74466","targetHints":{"allow":["GET"]}}],"collection":[{"href":"https:\/\/www.atta45.se\/e-butik\/wp-json\/wp\/v2\/product"}],"about":[{"href":"https:\/\/www.atta45.se\/e-butik\/wp-json\/wp\/v2\/types\/product"}],"wp:featuredmedia":[{"embeddable":true,"href":"https:\/\/www.atta45.se\/e-butik\/wp-json\/wp\/v2\/media\/377391"}],"wp:attachment":[{"href":"https:\/\/www.atta45.se\/e-butik\/wp-json\/wp\/v2\/media?parent=74466"}],"wp:term":[{"taxonomy":"product_brand","embeddable":true,"href":"https:\/\/www.atta45.se\/e-butik\/wp-json\/wp\/v2\/product_brand?post=74466"},{"taxonomy":"product_cat","embeddable":true,"href":"https:\/\/www.atta45.se\/e-butik\/wp-json\/wp\/v2\/product_cat?post=74466"},{"taxonomy":"product_tag","embeddable":true,"href":"https:\/\/www.atta45.se\/e-butik\/wp-json\/wp\/v2\/product_tag?post=74466"}],"curies":[{"name":"wp","href":"https:\/\/api.w.org\/{rel}","templated":true}]}}