{"id":74308,"date":"2024-12-27T02:09:20","date_gmt":"2024-12-27T01:09:20","guid":{"rendered":"https:\/\/www.atta45.se\/e-butik\/?post_type=product&#038;p=74308"},"modified":"2025-10-27T17:15:03","modified_gmt":"2025-10-27T16:15:03","slug":"freedom-classic","status":"publish","type":"product","link":"https:\/\/www.atta45.se\/e-butik\/produkt\/freedom-classic\/","title":{"rendered":"Mugg Freedom Classic"},"content":{"rendered":"<p>V\u00e4lisolerad reklammugg med dubbla v\u00e4ggar. V\u00e4ldigt stor tryckyta. Lock finns i f\u00f6ljande f\u00e4rger: vit, orange, r\u00f6d, gr\u00f6n, m\u00f6rkbl\u00e5, brun, och svart<\/p>\n","protected":false},"excerpt":{"rendered":"<p>V\u00e4lisolerad reklammugg med dubbla v\u00e4ggar. V\u00e4ldigt stor tryckyta. Lock finns i f\u00f6ljande f\u00e4rger: vit, orange, r\u00f6d, gr\u00f6n, m\u00f6rkbl\u00e5, brun, och svart<\/p>\n","protected":false},"featured_media":74309,"template":"","meta":{"_acf_changed":false,"_seopress_robots_primary_cat":"","_seopress_titles_title":"","_seopress_titles_desc":"","_seopress_robots_index":""},"product_brand":[],"product_cat":[15],"product_tag":[],"class_list":{"0":"post-74308","1":"product","2":"type-product","3":"status-publish","4":"has-post-thumbnail","6":"product_cat-okategoriserad","7":"atta45_taxonomy-tema-inspiration-varumarken-cupline-sv","8":"atta45_taxonomy-hem-hushall-muggar-sv","9":"atta45_taxonomy-muggar-muggar-sv","11":"first","12":"instock","13":"taxable","14":"shipping-taxable","15":"purchasable","16":"product-type-variable"},"acf":[],"_links":{"self":[{"href":"https:\/\/www.atta45.se\/e-butik\/wp-json\/wp\/v2\/product\/74308","targetHints":{"allow":["GET"]}}],"collection":[{"href":"https:\/\/www.atta45.se\/e-butik\/wp-json\/wp\/v2\/product"}],"about":[{"href":"https:\/\/www.atta45.se\/e-butik\/wp-json\/wp\/v2\/types\/product"}],"wp:featuredmedia":[{"embeddable":true,"href":"https:\/\/www.atta45.se\/e-butik\/wp-json\/wp\/v2\/media\/74309"}],"wp:attachment":[{"href":"https:\/\/www.atta45.se\/e-butik\/wp-json\/wp\/v2\/media?parent=74308"}],"wp:term":[{"taxonomy":"product_brand","embeddable":true,"href":"https:\/\/www.atta45.se\/e-butik\/wp-json\/wp\/v2\/product_brand?post=74308"},{"taxonomy":"product_cat","embeddable":true,"href":"https:\/\/www.atta45.se\/e-butik\/wp-json\/wp\/v2\/product_cat?post=74308"},{"taxonomy":"product_tag","embeddable":true,"href":"https:\/\/www.atta45.se\/e-butik\/wp-json\/wp\/v2\/product_tag?post=74308"}],"curies":[{"name":"wp","href":"https:\/\/api.w.org\/{rel}","templated":true}]}}