{"id":74252,"date":"2024-12-27T02:08:36","date_gmt":"2024-12-27T01:08:36","guid":{"rendered":"https:\/\/www.atta45.se\/e-butik\/?post_type=product&#038;p=74252"},"modified":"2025-10-27T17:14:22","modified_gmt":"2025-10-27T16:14:22","slug":"coffee-2-go-med-4-cm-band","status":"publish","type":"product","link":"https:\/\/www.atta45.se\/e-butik\/produkt\/coffee-2-go-med-4-cm-band\/","title":{"rendered":"Porslinsmugg Coffee 2 Go med 4 cm band"},"content":{"rendered":"<p>Ikonisk porslinsmugg, tillverkad i EU. Tillg\u00e4nglig i valfri f\u00e4rg med hj\u00e4lp av teknologin HydroColor. Band och lock finns i f\u00f6ljande f\u00e4rger: vit, orange, r\u00f6d, gr\u00f6n, m\u00f6rkbl\u00e5, brun, och svart. Det finns m\u00f6jlighet att blanda f\u00e4rger p\u00e5 b\u00e5de lock och band.<\/p>\n","protected":false},"excerpt":{"rendered":"<p>Ikonisk porslinsmugg, tillverkad i EU. Tillg\u00e4nglig i valfri f\u00e4rg med hj\u00e4lp av teknologin HydroColor. Band och lock finns i f\u00f6ljande f\u00e4rger: vit, orange, r\u00f6d, gr\u00f6n, m\u00f6rkbl\u00e5, brun, och svart. Det finns m\u00f6jlighet att blanda f\u00e4rger p\u00e5 b\u00e5de lock och band.<\/p>\n","protected":false},"featured_media":74253,"template":"","meta":{"_acf_changed":false,"_seopress_robots_primary_cat":"","_seopress_titles_title":"","_seopress_titles_desc":"","_seopress_robots_index":""},"product_brand":[],"product_cat":[15],"product_tag":[],"class_list":{"0":"post-74252","1":"product","2":"type-product","3":"status-publish","4":"has-post-thumbnail","6":"product_cat-okategoriserad","7":"atta45_taxonomy-tema-inspiration-varumarken-cupline-sv","8":"atta45_taxonomy-muggar-muggar-sv","9":"atta45_taxonomy-hem-hushall-muggar-sv","11":"first","12":"instock","13":"taxable","14":"shipping-taxable","15":"purchasable","16":"product-type-variable"},"acf":[],"_links":{"self":[{"href":"https:\/\/www.atta45.se\/e-butik\/wp-json\/wp\/v2\/product\/74252","targetHints":{"allow":["GET"]}}],"collection":[{"href":"https:\/\/www.atta45.se\/e-butik\/wp-json\/wp\/v2\/product"}],"about":[{"href":"https:\/\/www.atta45.se\/e-butik\/wp-json\/wp\/v2\/types\/product"}],"wp:featuredmedia":[{"embeddable":true,"href":"https:\/\/www.atta45.se\/e-butik\/wp-json\/wp\/v2\/media\/74253"}],"wp:attachment":[{"href":"https:\/\/www.atta45.se\/e-butik\/wp-json\/wp\/v2\/media?parent=74252"}],"wp:term":[{"taxonomy":"product_brand","embeddable":true,"href":"https:\/\/www.atta45.se\/e-butik\/wp-json\/wp\/v2\/product_brand?post=74252"},{"taxonomy":"product_cat","embeddable":true,"href":"https:\/\/www.atta45.se\/e-butik\/wp-json\/wp\/v2\/product_cat?post=74252"},{"taxonomy":"product_tag","embeddable":true,"href":"https:\/\/www.atta45.se\/e-butik\/wp-json\/wp\/v2\/product_tag?post=74252"}],"curies":[{"name":"wp","href":"https:\/\/api.w.org\/{rel}","templated":true}]}}