{"id":74068,"date":"2024-12-27T02:05:07","date_gmt":"2024-12-27T01:05:07","guid":{"rendered":"https:\/\/www.atta45.se\/e-butik\/?post_type=product&#038;p=74068"},"modified":"2025-10-27T17:11:25","modified_gmt":"2025-10-27T16:11:25","slug":"modern-pure","status":"publish","type":"product","link":"https:\/\/www.atta45.se\/e-butik\/produkt\/modern-pure\/","title":{"rendered":"Mugg Modern Pure"},"content":{"rendered":"<p>En reklammugg med den vita, matta glasyren p\u00e5 utsidan och den f\u00e4rgglada, blanka insidan. Raka, cylindriska sidor m\u00f6jligg\u00f6r applicering av ett stort och komplext reklamtryck. Denna design har en unik handtagsform. Muggen \u00e4r mycket rymlig.<\/p>\n","protected":false},"excerpt":{"rendered":"<p>En reklammugg med den vita, matta glasyren p\u00e5 utsidan och den f\u00e4rgglada, blanka insidan. Raka, cylindriska sidor m\u00f6jligg\u00f6r applicering av ett stort och komplext reklamtryck. Denna design har en unik handtagsform. Muggen \u00e4r mycket rymlig.<\/p>\n","protected":false},"featured_media":74069,"template":"","meta":{"_acf_changed":false,"_seopress_robots_primary_cat":"","_seopress_titles_title":"","_seopress_titles_desc":"","_seopress_robots_index":""},"product_brand":[],"product_cat":[15],"product_tag":[],"class_list":{"0":"post-74068","1":"product","2":"type-product","3":"status-publish","4":"has-post-thumbnail","6":"product_cat-okategoriserad","7":"atta45_taxonomy-tema-inspiration-varumarken-cupline-sv","8":"atta45_taxonomy-hem-hushall-muggar-sv","9":"atta45_taxonomy-muggar-muggar-sv","11":"first","12":"instock","13":"taxable","14":"shipping-taxable","15":"purchasable","16":"product-type-variable"},"acf":[],"_links":{"self":[{"href":"https:\/\/www.atta45.se\/e-butik\/wp-json\/wp\/v2\/product\/74068","targetHints":{"allow":["GET"]}}],"collection":[{"href":"https:\/\/www.atta45.se\/e-butik\/wp-json\/wp\/v2\/product"}],"about":[{"href":"https:\/\/www.atta45.se\/e-butik\/wp-json\/wp\/v2\/types\/product"}],"wp:featuredmedia":[{"embeddable":true,"href":"https:\/\/www.atta45.se\/e-butik\/wp-json\/wp\/v2\/media\/74069"}],"wp:attachment":[{"href":"https:\/\/www.atta45.se\/e-butik\/wp-json\/wp\/v2\/media?parent=74068"}],"wp:term":[{"taxonomy":"product_brand","embeddable":true,"href":"https:\/\/www.atta45.se\/e-butik\/wp-json\/wp\/v2\/product_brand?post=74068"},{"taxonomy":"product_cat","embeddable":true,"href":"https:\/\/www.atta45.se\/e-butik\/wp-json\/wp\/v2\/product_cat?post=74068"},{"taxonomy":"product_tag","embeddable":true,"href":"https:\/\/www.atta45.se\/e-butik\/wp-json\/wp\/v2\/product_tag?post=74068"}],"curies":[{"name":"wp","href":"https:\/\/api.w.org\/{rel}","templated":true}]}}