{"id":73956,"date":"2024-12-27T02:03:38","date_gmt":"2024-12-27T01:03:38","guid":{"rendered":"https:\/\/www.atta45.se\/e-butik\/?post_type=product&#038;p=73956"},"modified":"2025-10-27T17:10:58","modified_gmt":"2025-10-27T16:10:58","slug":"handy-supreme","status":"publish","type":"product","link":"https:\/\/www.atta45.se\/e-butik\/produkt\/handy-supreme\/","title":{"rendered":"Mugg Handy Supreme"},"content":{"rendered":"<p>Mugg med matt svart yta p\u00e5 utsidan, och blank f\u00e4rg p\u00e5 insidan. Denna produkt vann f\u00f6rsta pris p\u00e5 t\u00e4vlingen &#8221;Gifts of The Year 2013&#8221;<\/p>\n","protected":false},"excerpt":{"rendered":"<p>Mugg med matt svart yta p\u00e5 utsidan, och blank f\u00e4rg p\u00e5 insidan. Denna produkt vann f\u00f6rsta pris p\u00e5 t\u00e4vlingen &#8221;Gifts of The Year 2013&#8221;<\/p>\n","protected":false},"featured_media":73957,"template":"","meta":{"_acf_changed":false,"_seopress_robots_primary_cat":"","_seopress_titles_title":"","_seopress_titles_desc":"","_seopress_robots_index":""},"product_brand":[],"product_cat":[15],"product_tag":[],"class_list":{"0":"post-73956","1":"product","2":"type-product","3":"status-publish","4":"has-post-thumbnail","6":"product_cat-okategoriserad","7":"atta45_taxonomy-tema-inspiration-varumarken-cupline-sv","8":"atta45_taxonomy-hem-hushall-muggar-sv","9":"atta45_taxonomy-muggar-muggar-sv","11":"first","12":"instock","13":"taxable","14":"shipping-taxable","15":"purchasable","16":"product-type-variable"},"acf":[],"_links":{"self":[{"href":"https:\/\/www.atta45.se\/e-butik\/wp-json\/wp\/v2\/product\/73956","targetHints":{"allow":["GET"]}}],"collection":[{"href":"https:\/\/www.atta45.se\/e-butik\/wp-json\/wp\/v2\/product"}],"about":[{"href":"https:\/\/www.atta45.se\/e-butik\/wp-json\/wp\/v2\/types\/product"}],"wp:featuredmedia":[{"embeddable":true,"href":"https:\/\/www.atta45.se\/e-butik\/wp-json\/wp\/v2\/media\/73957"}],"wp:attachment":[{"href":"https:\/\/www.atta45.se\/e-butik\/wp-json\/wp\/v2\/media?parent=73956"}],"wp:term":[{"taxonomy":"product_brand","embeddable":true,"href":"https:\/\/www.atta45.se\/e-butik\/wp-json\/wp\/v2\/product_brand?post=73956"},{"taxonomy":"product_cat","embeddable":true,"href":"https:\/\/www.atta45.se\/e-butik\/wp-json\/wp\/v2\/product_cat?post=73956"},{"taxonomy":"product_tag","embeddable":true,"href":"https:\/\/www.atta45.se\/e-butik\/wp-json\/wp\/v2\/product_tag?post=73956"}],"curies":[{"name":"wp","href":"https:\/\/api.w.org\/{rel}","templated":true}]}}