{"id":73880,"date":"2024-12-27T02:01:51","date_gmt":"2024-12-27T01:01:51","guid":{"rendered":"https:\/\/www.atta45.se\/e-butik\/?post_type=product&#038;p=73880"},"modified":"2025-10-27T19:18:49","modified_gmt":"2025-10-27T18:18:49","slug":"galaxy-collection-provpaket","status":"publish","type":"product","link":"https:\/\/www.atta45.se\/e-butik\/produkt\/galaxy-collection-provpaket\/","title":{"rendered":"Termosmugg Provpaket Galaxy Collection"},"content":{"rendered":"<p>Paket med n\u00e4sta generations termosmuggar. <\/p>\n<p>Best\u00e4ll det snyggaste provpaketet f\u00f6r leverans lagom till n\u00e4sta s\u00e4song, perfekt till er utst\u00e4llning. <\/p>\n<p>\u2022 L\u00e4ckages\u00e4ker<br \/>\u2022 Unika tryckm\u00f6jligheter<br \/>\u2022 Rept\u00e5liga tryck som t\u00e5l att anv\u00e4ndas<br \/>\u2022 Vakuumisolering mellan v\u00e4ggarna f\u00f6r l\u00e5ngvarig temperaturh\u00e5llning<br \/>\u2022 Och m\u00e5nga fler!<\/p>\n<p>I detta paketet ing\u00e5r:<br \/>\u2022 1st Mars med trycket Galaxy digital 360 + laser p\u00e5 locket<br \/>\u2022 1st Moon med trycket Galaxy Laser hela ytan + laser p\u00e5 l\u00e4derstrap<br \/>\u2022 1st Meteor med trycket Galaxy digital 360<br \/>\u2022 1st Orion med trycket Galaxy colour + Galaxy Digital 360+ Laser p\u00e5 locket<br \/>\u2022 1st Vega med trycket Galaxy Digital 360<\/p>\n<p>Galaxy <\/p>\n","protected":false},"excerpt":{"rendered":"<p>Paket med n\u00e4sta generations termosmuggar. Best\u00e4ll det snyggaste provpaketet f\u00f6r leverans lagom till n\u00e4sta s\u00e4song, perfekt till er utst\u00e4llning. \u2022 L\u00e4ckages\u00e4ker\u2022 Unika tryckm\u00f6jligheter\u2022 Rept\u00e5liga tryck som t\u00e5l att anv\u00e4ndas\u2022 Vakuumisolering mellan v\u00e4ggarna f\u00f6r l\u00e5ngvarig temperaturh\u00e5llning\u2022 Och m\u00e5nga fler! I detta paketet ing\u00e5r:\u2022 1st Mars med trycket Galaxy digital 360 + laser p\u00e5 locket\u2022 1st Moon [&hellip;]<\/p>\n","protected":false},"featured_media":73881,"template":"","meta":{"_acf_changed":false,"_seopress_robots_primary_cat":"","_seopress_titles_title":"","_seopress_titles_desc":"","_seopress_robots_index":""},"product_brand":[],"product_cat":[15],"product_tag":[],"class_list":{"0":"post-73880","1":"product","2":"type-product","3":"status-publish","4":"has-post-thumbnail","6":"product_cat-okategoriserad","7":"atta45_taxonomy-tema-inspiration-varumarken-galaxy-collection-sv","8":"atta45_taxonomy-hem-hushall-muggar-sv","9":"atta45_taxonomy-muggar-muggar-sv","11":"first","12":"instock","13":"taxable","14":"shipping-taxable","15":"purchasable","16":"product-type-variable"},"acf":[],"_links":{"self":[{"href":"https:\/\/www.atta45.se\/e-butik\/wp-json\/wp\/v2\/product\/73880","targetHints":{"allow":["GET"]}}],"collection":[{"href":"https:\/\/www.atta45.se\/e-butik\/wp-json\/wp\/v2\/product"}],"about":[{"href":"https:\/\/www.atta45.se\/e-butik\/wp-json\/wp\/v2\/types\/product"}],"wp:featuredmedia":[{"embeddable":true,"href":"https:\/\/www.atta45.se\/e-butik\/wp-json\/wp\/v2\/media\/73881"}],"wp:attachment":[{"href":"https:\/\/www.atta45.se\/e-butik\/wp-json\/wp\/v2\/media?parent=73880"}],"wp:term":[{"taxonomy":"product_brand","embeddable":true,"href":"https:\/\/www.atta45.se\/e-butik\/wp-json\/wp\/v2\/product_brand?post=73880"},{"taxonomy":"product_cat","embeddable":true,"href":"https:\/\/www.atta45.se\/e-butik\/wp-json\/wp\/v2\/product_cat?post=73880"},{"taxonomy":"product_tag","embeddable":true,"href":"https:\/\/www.atta45.se\/e-butik\/wp-json\/wp\/v2\/product_tag?post=73880"}],"curies":[{"name":"wp","href":"https:\/\/api.w.org\/{rel}","templated":true}]}}