{"id":73844,"date":"2024-12-27T02:00:57","date_gmt":"2024-12-27T01:00:57","guid":{"rendered":"https:\/\/www.atta45.se\/e-butik\/?post_type=product&#038;p=73844"},"modified":"2025-10-27T16:34:31","modified_gmt":"2025-10-27T15:34:31","slug":"lunchlada-750-ml-av-rostfritt-stal-reese","status":"publish","type":"product","link":"https:\/\/www.atta45.se\/e-butik\/produkt\/lunchlada-750-ml-av-rostfritt-stal-reese\/","title":{"rendered":"Lunchl\u00e5da (750 ml) av rostfritt st\u00e5l Reese"},"content":{"rendered":"<p>Lunchl\u00e5da av rostfritt st\u00e5l (s\/s304), rymmer 750 ml och st\u00e4ngs med ett sp\u00e4nne. Individuellt f\u00f6rpackad i brun kartong.<\/p>\n","protected":false},"excerpt":{"rendered":"<p>Lunchl\u00e5da av rostfritt st\u00e5l (s\/s304), rymmer 750 ml och st\u00e4ngs med ett sp\u00e4nne. Individuellt f\u00f6rpackad i brun kartong.<\/p>\n","protected":false},"featured_media":73845,"template":"","meta":{"_acf_changed":false,"_seopress_robots_primary_cat":"","_seopress_titles_title":"","_seopress_titles_desc":"","_seopress_robots_index":""},"product_brand":[],"product_cat":[15],"product_tag":[],"class_list":{"0":"post-73844","1":"product","2":"type-product","3":"status-publish","4":"has-post-thumbnail","6":"product_cat-okategoriserad","7":"atta45_taxonomy-tema-inspiration-speciella-trycktekniker-name-it-sv","8":"atta45_taxonomy-hem-hushall-lunchlada-sv","9":"atta45_taxonomy-tema-inspiration-speciella-trycktekniker-mega-laser-sv","10":"atta45_taxonomy-tema-inspiration-speciella-trycktekniker-sv","12":"first","13":"instock","14":"taxable","15":"shipping-taxable","16":"purchasable","17":"product-type-variable"},"acf":[],"_links":{"self":[{"href":"https:\/\/www.atta45.se\/e-butik\/wp-json\/wp\/v2\/product\/73844","targetHints":{"allow":["GET"]}}],"collection":[{"href":"https:\/\/www.atta45.se\/e-butik\/wp-json\/wp\/v2\/product"}],"about":[{"href":"https:\/\/www.atta45.se\/e-butik\/wp-json\/wp\/v2\/types\/product"}],"wp:featuredmedia":[{"embeddable":true,"href":"https:\/\/www.atta45.se\/e-butik\/wp-json\/wp\/v2\/media\/73845"}],"wp:attachment":[{"href":"https:\/\/www.atta45.se\/e-butik\/wp-json\/wp\/v2\/media?parent=73844"}],"wp:term":[{"taxonomy":"product_brand","embeddable":true,"href":"https:\/\/www.atta45.se\/e-butik\/wp-json\/wp\/v2\/product_brand?post=73844"},{"taxonomy":"product_cat","embeddable":true,"href":"https:\/\/www.atta45.se\/e-butik\/wp-json\/wp\/v2\/product_cat?post=73844"},{"taxonomy":"product_tag","embeddable":true,"href":"https:\/\/www.atta45.se\/e-butik\/wp-json\/wp\/v2\/product_tag?post=73844"}],"curies":[{"name":"wp","href":"https:\/\/api.w.org\/{rel}","templated":true}]}}