{"id":73506,"date":"2024-12-27T01:52:17","date_gmt":"2024-12-27T00:52:17","guid":{"rendered":"https:\/\/www.atta45.se\/e-butik\/?post_type=product&#038;p=73506"},"modified":"2025-10-28T04:11:02","modified_gmt":"2025-10-28T03:11:02","slug":"torgkorg-mia","status":"publish","type":"product","link":"https:\/\/www.atta45.se\/e-butik\/produkt\/torgkorg-mia\/","title":{"rendered":"Torgkorg Mia"},"content":{"rendered":"<p>En rej\u00e4l korg av handfl\u00e4tad pil tillverkad i Europa av skickliga yreksm\u00e4n,  har ett lager av klarlack f\u00f6r att klara v\u00e4ta b\u00e4ttre.<\/p>\n","protected":false},"excerpt":{"rendered":"<p>En rej\u00e4l korg av handfl\u00e4tad pil tillverkad i Europa av skickliga yreksm\u00e4n, har ett lager av klarlack f\u00f6r att klara v\u00e4ta b\u00e4ttre.<\/p>\n","protected":false},"featured_media":73507,"template":"","meta":{"_acf_changed":false,"_seopress_robots_primary_cat":"","_seopress_titles_title":"","_seopress_titles_desc":"","_seopress_robots_index":""},"product_brand":[],"product_cat":[15],"product_tag":[],"class_list":{"0":"post-73506","1":"product","2":"type-product","3":"status-publish","4":"has-post-thumbnail","6":"product_cat-okategoriserad","7":"atta45_taxonomy-korgar-torgkorg-sv","8":"atta45_taxonomy-hem-hushall-korgar-torgkorg-sv","10":"first","11":"instock","12":"taxable","13":"shipping-taxable","14":"purchasable","15":"product-type-variable"},"acf":[],"_links":{"self":[{"href":"https:\/\/www.atta45.se\/e-butik\/wp-json\/wp\/v2\/product\/73506","targetHints":{"allow":["GET"]}}],"collection":[{"href":"https:\/\/www.atta45.se\/e-butik\/wp-json\/wp\/v2\/product"}],"about":[{"href":"https:\/\/www.atta45.se\/e-butik\/wp-json\/wp\/v2\/types\/product"}],"wp:featuredmedia":[{"embeddable":true,"href":"https:\/\/www.atta45.se\/e-butik\/wp-json\/wp\/v2\/media\/73507"}],"wp:attachment":[{"href":"https:\/\/www.atta45.se\/e-butik\/wp-json\/wp\/v2\/media?parent=73506"}],"wp:term":[{"taxonomy":"product_brand","embeddable":true,"href":"https:\/\/www.atta45.se\/e-butik\/wp-json\/wp\/v2\/product_brand?post=73506"},{"taxonomy":"product_cat","embeddable":true,"href":"https:\/\/www.atta45.se\/e-butik\/wp-json\/wp\/v2\/product_cat?post=73506"},{"taxonomy":"product_tag","embeddable":true,"href":"https:\/\/www.atta45.se\/e-butik\/wp-json\/wp\/v2\/product_tag?post=73506"}],"curies":[{"name":"wp","href":"https:\/\/api.w.org\/{rel}","templated":true}]}}