{"id":73406,"date":"2024-12-27T01:48:54","date_gmt":"2024-12-27T00:48:54","guid":{"rendered":"https:\/\/www.atta45.se\/e-butik\/?post_type=product&#038;p=73406"},"modified":"2025-10-28T03:01:25","modified_gmt":"2025-10-28T02:01:25","slug":"korgen-alma-2-pack","status":"publish","type":"product","link":"https:\/\/www.atta45.se\/e-butik\/produkt\/korgen-alma-2-pack\/","title":{"rendered":"Korg Alma (2-pack)"},"content":{"rendered":"<p>H\u00f6gkvalitativ kort i pil, handgjord i Europa. Ett h\u00e5llbart lager med klarlack.<br \/>F\u00f6r denna modell, f\u00e5r du tv\u00e5 olika storlekar i samma design.<\/p>\n","protected":false},"excerpt":{"rendered":"<p>H\u00f6gkvalitativ kort i pil, handgjord i Europa. Ett h\u00e5llbart lager med klarlack.F\u00f6r denna modell, f\u00e5r du tv\u00e5 olika storlekar i samma design.<\/p>\n","protected":false},"featured_media":73407,"template":"","meta":{"_acf_changed":false,"_seopress_robots_primary_cat":"","_seopress_titles_title":"","_seopress_titles_desc":"","_seopress_robots_index":""},"product_brand":[],"product_cat":[15],"product_tag":[],"class_list":{"0":"post-73406","1":"product","2":"type-product","3":"status-publish","4":"has-post-thumbnail","6":"product_cat-okategoriserad","7":"atta45_taxonomy-hem-hushall-korgar-presentkorgar-sv","8":"atta45_taxonomy-korgar-presentkorgar-sv","9":"atta45_taxonomy-hem-hushall-korgar-torgkorg-sv","10":"atta45_taxonomy-korgar-torgkorg-sv","12":"first","13":"instock","14":"taxable","15":"shipping-taxable","16":"purchasable","17":"product-type-variable"},"acf":[],"_links":{"self":[{"href":"https:\/\/www.atta45.se\/e-butik\/wp-json\/wp\/v2\/product\/73406","targetHints":{"allow":["GET"]}}],"collection":[{"href":"https:\/\/www.atta45.se\/e-butik\/wp-json\/wp\/v2\/product"}],"about":[{"href":"https:\/\/www.atta45.se\/e-butik\/wp-json\/wp\/v2\/types\/product"}],"wp:featuredmedia":[{"embeddable":true,"href":"https:\/\/www.atta45.se\/e-butik\/wp-json\/wp\/v2\/media\/73407"}],"wp:attachment":[{"href":"https:\/\/www.atta45.se\/e-butik\/wp-json\/wp\/v2\/media?parent=73406"}],"wp:term":[{"taxonomy":"product_brand","embeddable":true,"href":"https:\/\/www.atta45.se\/e-butik\/wp-json\/wp\/v2\/product_brand?post=73406"},{"taxonomy":"product_cat","embeddable":true,"href":"https:\/\/www.atta45.se\/e-butik\/wp-json\/wp\/v2\/product_cat?post=73406"},{"taxonomy":"product_tag","embeddable":true,"href":"https:\/\/www.atta45.se\/e-butik\/wp-json\/wp\/v2\/product_tag?post=73406"}],"curies":[{"name":"wp","href":"https:\/\/api.w.org\/{rel}","templated":true}]}}