{"id":73292,"date":"2024-12-27T01:46:00","date_gmt":"2024-12-27T00:46:00","guid":{"rendered":"https:\/\/www.atta45.se\/e-butik\/?post_type=product&#038;p=73292"},"modified":"2025-10-27T18:58:12","modified_gmt":"2025-10-27T17:58:12","slug":"aurora-set","status":"publish","type":"product","link":"https:\/\/www.atta45.se\/e-butik\/produkt\/aurora-set\/","title":{"rendered":"Kopp Aurora"},"content":{"rendered":"<p>Elegant tjockv\u00e4ggig kopp i tv\u00e5 kapacitetsversioner. H\u00e5ller perfekt temperaturen p\u00e5 kaffet. Designen \u00e4r berikad med en unik elliptisk form p\u00e5 handtaget.<\/p>\n","protected":false},"excerpt":{"rendered":"<p>Elegant tjockv\u00e4ggig kopp i tv\u00e5 kapacitetsversioner. H\u00e5ller perfekt temperaturen p\u00e5 kaffet. Designen \u00e4r berikad med en unik elliptisk form p\u00e5 handtaget.<\/p>\n","protected":false},"featured_media":73293,"template":"","meta":{"_acf_changed":false,"_seopress_robots_primary_cat":"","_seopress_titles_title":"","_seopress_titles_desc":"","_seopress_robots_index":""},"product_brand":[],"product_cat":[15],"product_tag":[],"class_list":{"0":"post-73292","1":"product","2":"type-product","3":"status-publish","4":"has-post-thumbnail","6":"product_cat-okategoriserad","7":"atta45_taxonomy-tema-inspiration-varumarken-cupline-sv","8":"atta45_taxonomy-hem-hushall-koppar-sv","9":"atta45_taxonomy-muggar-koppar-sv","11":"first","12":"instock","13":"taxable","14":"shipping-taxable","15":"purchasable","16":"product-type-variable"},"acf":[],"_links":{"self":[{"href":"https:\/\/www.atta45.se\/e-butik\/wp-json\/wp\/v2\/product\/73292","targetHints":{"allow":["GET"]}}],"collection":[{"href":"https:\/\/www.atta45.se\/e-butik\/wp-json\/wp\/v2\/product"}],"about":[{"href":"https:\/\/www.atta45.se\/e-butik\/wp-json\/wp\/v2\/types\/product"}],"wp:featuredmedia":[{"embeddable":true,"href":"https:\/\/www.atta45.se\/e-butik\/wp-json\/wp\/v2\/media\/73293"}],"wp:attachment":[{"href":"https:\/\/www.atta45.se\/e-butik\/wp-json\/wp\/v2\/media?parent=73292"}],"wp:term":[{"taxonomy":"product_brand","embeddable":true,"href":"https:\/\/www.atta45.se\/e-butik\/wp-json\/wp\/v2\/product_brand?post=73292"},{"taxonomy":"product_cat","embeddable":true,"href":"https:\/\/www.atta45.se\/e-butik\/wp-json\/wp\/v2\/product_cat?post=73292"},{"taxonomy":"product_tag","embeddable":true,"href":"https:\/\/www.atta45.se\/e-butik\/wp-json\/wp\/v2\/product_tag?post=73292"}],"curies":[{"name":"wp","href":"https:\/\/api.w.org\/{rel}","templated":true}]}}