{"id":73080,"date":"2024-12-27T01:40:44","date_gmt":"2024-12-27T00:40:44","guid":{"rendered":"https:\/\/www.atta45.se\/e-butik\/?post_type=product&#038;p=73080"},"modified":"2025-10-28T00:51:25","modified_gmt":"2025-10-27T23:51:25","slug":"schwarzwolf-garmisch-smorkniv","status":"publish","type":"product","link":"https:\/\/www.atta45.se\/e-butik\/produkt\/schwarzwolf-garmisch-smorkniv\/","title":{"rendered":"Sm\u00f6rkniv Schwarzwolf Garmisch"},"content":{"rendered":"<p>Schwarzwolf sm\u00f6rkniv. Idealisk f\u00f6r resor d\u00e5 den \u00e4r ihopf\u00e4llbar. Levereras i Schwarzwolf Outdoor presentf\u00f6rpackning.<br \/>Material: Rostfritt st\u00e5l, tr\u00e4<br \/>Rekommenderad m\u00e4rkning: Lasergravyr L1<br \/>Maximalt tryckstorlek: 30 \u00d7 6 mm<br \/>M\u00e5tt: \u00f6ppen 21,7 cm, ihopf\u00e4lld 12,1 cm<\/p>\n","protected":false},"excerpt":{"rendered":"<p>Schwarzwolf sm\u00f6rkniv. Idealisk f\u00f6r resor d\u00e5 den \u00e4r ihopf\u00e4llbar. Levereras i Schwarzwolf Outdoor presentf\u00f6rpackning.Material: Rostfritt st\u00e5l, tr\u00e4Rekommenderad m\u00e4rkning: Lasergravyr L1Maximalt tryckstorlek: 30 \u00d7 6 mmM\u00e5tt: \u00f6ppen 21,7 cm, ihopf\u00e4lld 12,1 cm<\/p>\n","protected":false},"featured_media":73081,"template":"","meta":{"_acf_changed":false,"_seopress_robots_primary_cat":"","_seopress_titles_title":"","_seopress_titles_desc":"","_seopress_robots_index":""},"product_brand":[],"product_cat":[15],"product_tag":[],"class_list":{"0":"post-73080","1":"product","2":"type-product","3":"status-publish","4":"has-post-thumbnail","6":"product_cat-okategoriserad","7":"atta45_taxonomy-reflexer-verktyg-sakerhet-knivar-sv","8":"atta45_taxonomy-hem-hushall-koksartiklar-sv","9":"atta45_taxonomy-tema-inspiration-varumarken-schwarzwolf-sv","11":"first","12":"instock","13":"taxable","14":"shipping-taxable","15":"purchasable","16":"product-type-variable"},"acf":[],"_links":{"self":[{"href":"https:\/\/www.atta45.se\/e-butik\/wp-json\/wp\/v2\/product\/73080","targetHints":{"allow":["GET"]}}],"collection":[{"href":"https:\/\/www.atta45.se\/e-butik\/wp-json\/wp\/v2\/product"}],"about":[{"href":"https:\/\/www.atta45.se\/e-butik\/wp-json\/wp\/v2\/types\/product"}],"wp:featuredmedia":[{"embeddable":true,"href":"https:\/\/www.atta45.se\/e-butik\/wp-json\/wp\/v2\/media\/73081"}],"wp:attachment":[{"href":"https:\/\/www.atta45.se\/e-butik\/wp-json\/wp\/v2\/media?parent=73080"}],"wp:term":[{"taxonomy":"product_brand","embeddable":true,"href":"https:\/\/www.atta45.se\/e-butik\/wp-json\/wp\/v2\/product_brand?post=73080"},{"taxonomy":"product_cat","embeddable":true,"href":"https:\/\/www.atta45.se\/e-butik\/wp-json\/wp\/v2\/product_cat?post=73080"},{"taxonomy":"product_tag","embeddable":true,"href":"https:\/\/www.atta45.se\/e-butik\/wp-json\/wp\/v2\/product_tag?post=73080"}],"curies":[{"name":"wp","href":"https:\/\/api.w.org\/{rel}","templated":true}]}}