{"id":73070,"date":"2024-12-27T01:40:34","date_gmt":"2024-12-27T00:40:34","guid":{"rendered":"https:\/\/www.atta45.se\/e-butik\/?post_type=product&#038;p=73070"},"modified":"2025-10-28T00:39:40","modified_gmt":"2025-10-27T23:39:40","slug":"grytvante-fullfargstryck-eu","status":"publish","type":"product","link":"https:\/\/www.atta45.se\/e-butik\/produkt\/grytvante-fullfargstryck-eu\/","title":{"rendered":"Grytvante (fullf\u00e4rgstryck) EU"},"content":{"rendered":"<p>Tillverkad i Europa<\/p>\n<p>En k\u00f6kshandske tryckt p\u00e5 ena eller b\u00e4gge sidorna.<\/p>\n<p>Tack vare trycket kommer det att se vackert ut i alla interi\u00f6rer och bilda ett dekorativt element i k\u00f6ket. Handsken har en \u00f6gla som g\u00f6r att du kan h\u00e4nga upp den.<\/p>\n<p>Material: polyester 100%<br \/>Storlek: 25 x 20 cm<br \/>Svamptjocklek: 8 mm<br \/>Tryck: tryck p\u00e5 full yta<br \/>Tryckteknik: sublimering<\/p>\n<p>The One Premium<\/p>\n","protected":false},"excerpt":{"rendered":"<p>Tillverkad i Europa En k\u00f6kshandske tryckt p\u00e5 ena eller b\u00e4gge sidorna. Tack vare trycket kommer det att se vackert ut i alla interi\u00f6rer och bilda ett dekorativt element i k\u00f6ket. Handsken har en \u00f6gla som g\u00f6r att du kan h\u00e4nga upp den. Material: polyester 100%Storlek: 25 x 20 cmSvamptjocklek: 8 mmTryck: tryck p\u00e5 full ytaTryckteknik: [&hellip;]<\/p>\n","protected":false},"featured_media":73071,"template":"","meta":{"_acf_changed":false,"_seopress_robots_primary_cat":"","_seopress_titles_title":"","_seopress_titles_desc":"","_seopress_robots_index":""},"product_brand":[],"product_cat":[15],"product_tag":[],"class_list":{"0":"post-73070","1":"product","2":"type-product","3":"status-publish","4":"has-post-thumbnail","6":"product_cat-okategoriserad","7":"atta45_taxonomy-textil-hem-interior-sv","8":"atta45_taxonomy-hem-hushall-koksartiklar-sv","9":"atta45_taxonomy-tema-inspiration-varumarken-the-one-premium-sv","11":"first","12":"instock","13":"taxable","14":"shipping-taxable","15":"purchasable","16":"product-type-variable"},"acf":[],"_links":{"self":[{"href":"https:\/\/www.atta45.se\/e-butik\/wp-json\/wp\/v2\/product\/73070","targetHints":{"allow":["GET"]}}],"collection":[{"href":"https:\/\/www.atta45.se\/e-butik\/wp-json\/wp\/v2\/product"}],"about":[{"href":"https:\/\/www.atta45.se\/e-butik\/wp-json\/wp\/v2\/types\/product"}],"wp:featuredmedia":[{"embeddable":true,"href":"https:\/\/www.atta45.se\/e-butik\/wp-json\/wp\/v2\/media\/73071"}],"wp:attachment":[{"href":"https:\/\/www.atta45.se\/e-butik\/wp-json\/wp\/v2\/media?parent=73070"}],"wp:term":[{"taxonomy":"product_brand","embeddable":true,"href":"https:\/\/www.atta45.se\/e-butik\/wp-json\/wp\/v2\/product_brand?post=73070"},{"taxonomy":"product_cat","embeddable":true,"href":"https:\/\/www.atta45.se\/e-butik\/wp-json\/wp\/v2\/product_cat?post=73070"},{"taxonomy":"product_tag","embeddable":true,"href":"https:\/\/www.atta45.se\/e-butik\/wp-json\/wp\/v2\/product_tag?post=73070"}],"curies":[{"name":"wp","href":"https:\/\/api.w.org\/{rel}","templated":true}]}}