{"id":73060,"date":"2024-12-27T01:40:22","date_gmt":"2024-12-27T00:40:22","guid":{"rendered":"https:\/\/www.atta45.se\/e-butik\/?post_type=product&#038;p=73060"},"modified":"2025-10-28T00:39:28","modified_gmt":"2025-10-27T23:39:28","slug":"koksforklade-fullfargstryck-eu","status":"publish","type":"product","link":"https:\/\/www.atta45.se\/e-butik\/produkt\/koksforklade-fullfargstryck-eu\/","title":{"rendered":"K\u00f6ksf\u00f6rkl\u00e4de (fullf\u00e4rgstryck) EU"},"content":{"rendered":"<p>Tillverkad i Europa<\/p>\n<p>Ett k\u00f6ksf\u00f6rkl\u00e4de tryckt p\u00e5 ena sidan i form av en f\u00f6retagslogotyp \u00e4r en perfekt presentid\u00e9. Anpassa grafiken s\u00e5 att den passar dina behov.<\/p>\n<p>Material: 100% polyester<br \/>Storlek: 54 x 72 cm \/ 70 x 90 cm<br \/>Tryck: tryck p\u00e5 full yta<br \/>Tryckteknik: sublimering<br \/>Tryckplacering: Ensidig utskrift<\/p>\n<p>The One Premium<\/p>\n","protected":false},"excerpt":{"rendered":"<p>Tillverkad i Europa Ett k\u00f6ksf\u00f6rkl\u00e4de tryckt p\u00e5 ena sidan i form av en f\u00f6retagslogotyp \u00e4r en perfekt presentid\u00e9. Anpassa grafiken s\u00e5 att den passar dina behov. Material: 100% polyesterStorlek: 54 x 72 cm \/ 70 x 90 cmTryck: tryck p\u00e5 full ytaTryckteknik: sublimeringTryckplacering: Ensidig utskrift The One Premium<\/p>\n","protected":false},"featured_media":73061,"template":"","meta":{"_acf_changed":false,"_seopress_robots_primary_cat":"","_seopress_titles_title":"","_seopress_titles_desc":"","_seopress_robots_index":""},"product_brand":[],"product_cat":[15],"product_tag":[],"class_list":{"0":"post-73060","1":"product","2":"type-product","3":"status-publish","4":"has-post-thumbnail","6":"product_cat-okategoriserad","7":"atta45_taxonomy-textil-hem-interior-sv","8":"atta45_taxonomy-hem-hushall-koksartiklar-sv","9":"atta45_taxonomy-tema-inspiration-varumarken-the-one-premium-sv","11":"first","12":"instock","13":"taxable","14":"shipping-taxable","15":"purchasable","16":"product-type-variable"},"acf":[],"_links":{"self":[{"href":"https:\/\/www.atta45.se\/e-butik\/wp-json\/wp\/v2\/product\/73060","targetHints":{"allow":["GET"]}}],"collection":[{"href":"https:\/\/www.atta45.se\/e-butik\/wp-json\/wp\/v2\/product"}],"about":[{"href":"https:\/\/www.atta45.se\/e-butik\/wp-json\/wp\/v2\/types\/product"}],"wp:featuredmedia":[{"embeddable":true,"href":"https:\/\/www.atta45.se\/e-butik\/wp-json\/wp\/v2\/media\/73061"}],"wp:attachment":[{"href":"https:\/\/www.atta45.se\/e-butik\/wp-json\/wp\/v2\/media?parent=73060"}],"wp:term":[{"taxonomy":"product_brand","embeddable":true,"href":"https:\/\/www.atta45.se\/e-butik\/wp-json\/wp\/v2\/product_brand?post=73060"},{"taxonomy":"product_cat","embeddable":true,"href":"https:\/\/www.atta45.se\/e-butik\/wp-json\/wp\/v2\/product_cat?post=73060"},{"taxonomy":"product_tag","embeddable":true,"href":"https:\/\/www.atta45.se\/e-butik\/wp-json\/wp\/v2\/product_tag?post=73060"}],"curies":[{"name":"wp","href":"https:\/\/api.w.org\/{rel}","templated":true}]}}