{"id":73050,"date":"2024-12-27T01:40:10","date_gmt":"2024-12-27T00:40:10","guid":{"rendered":"https:\/\/www.atta45.se\/e-butik\/?post_type=product&#038;p=73050"},"modified":"2025-10-27T17:02:05","modified_gmt":"2025-10-27T16:02:05","slug":"glasoljespruta-100-ml-caius","status":"publish","type":"product","link":"https:\/\/www.atta45.se\/e-butik\/produkt\/glasoljespruta-100-ml-caius\/","title":{"rendered":"Glasoljespruta (100 ml) Caius"},"content":{"rendered":"<p>Glasoljespruta (100 ml). Med lock av rostfritt st\u00e5l. Individuellt f\u00f6rpackad i en brun pappersl\u00e5da.<\/p>\n","protected":false},"excerpt":{"rendered":"<p>Glasoljespruta (100 ml). Med lock av rostfritt st\u00e5l. Individuellt f\u00f6rpackad i en brun pappersl\u00e5da.<\/p>\n","protected":false},"featured_media":73051,"template":"","meta":{"_acf_changed":false,"_seopress_robots_primary_cat":"","_seopress_titles_title":"","_seopress_titles_desc":"","_seopress_robots_index":""},"product_brand":[],"product_cat":[15],"product_tag":[],"class_list":{"0":"post-73050","1":"product","2":"type-product","3":"status-publish","4":"has-post-thumbnail","6":"product_cat-okategoriserad","7":"atta45_taxonomy-hem-hushall-koksartiklar-sv","8":"atta45_taxonomy-tema-inspiration-utvalda-produkter-nyheter-sv","9":"atta45_taxonomy-nyheter-sv","11":"first","12":"instock","13":"taxable","14":"shipping-taxable","15":"purchasable","16":"product-type-variable"},"acf":[],"_links":{"self":[{"href":"https:\/\/www.atta45.se\/e-butik\/wp-json\/wp\/v2\/product\/73050","targetHints":{"allow":["GET"]}}],"collection":[{"href":"https:\/\/www.atta45.se\/e-butik\/wp-json\/wp\/v2\/product"}],"about":[{"href":"https:\/\/www.atta45.se\/e-butik\/wp-json\/wp\/v2\/types\/product"}],"wp:featuredmedia":[{"embeddable":true,"href":"https:\/\/www.atta45.se\/e-butik\/wp-json\/wp\/v2\/media\/73051"}],"wp:attachment":[{"href":"https:\/\/www.atta45.se\/e-butik\/wp-json\/wp\/v2\/media?parent=73050"}],"wp:term":[{"taxonomy":"product_brand","embeddable":true,"href":"https:\/\/www.atta45.se\/e-butik\/wp-json\/wp\/v2\/product_brand?post=73050"},{"taxonomy":"product_cat","embeddable":true,"href":"https:\/\/www.atta45.se\/e-butik\/wp-json\/wp\/v2\/product_cat?post=73050"},{"taxonomy":"product_tag","embeddable":true,"href":"https:\/\/www.atta45.se\/e-butik\/wp-json\/wp\/v2\/product_tag?post=73050"}],"curies":[{"name":"wp","href":"https:\/\/api.w.org\/{rel}","templated":true}]}}