{"id":73012,"date":"2024-12-27T01:39:32","date_gmt":"2024-12-27T00:39:32","guid":{"rendered":"https:\/\/www.atta45.se\/e-butik\/?post_type=product&#038;p=73012"},"modified":"2025-10-27T16:37:55","modified_gmt":"2025-10-27T15:37:55","slug":"skarbrada-av-furu-daxton","status":"publish","type":"product","link":"https:\/\/www.atta45.se\/e-butik\/produkt\/skarbrada-av-furu-daxton\/","title":{"rendered":"Sk\u00e4rbr\u00e4da av furu Daxton"},"content":{"rendered":"<p>Sk\u00e4rbr\u00e4da av furu med rep. Individuellt packad i en brun kartong.<\/p>\n","protected":false},"excerpt":{"rendered":"<p>Sk\u00e4rbr\u00e4da av furu med rep. Individuellt packad i en brun kartong.<\/p>\n","protected":false},"featured_media":73013,"template":"","meta":{"_acf_changed":false,"_seopress_robots_primary_cat":"","_seopress_titles_title":"","_seopress_titles_desc":"","_seopress_robots_index":""},"product_brand":[],"product_cat":[15],"product_tag":[],"class_list":{"0":"post-73012","1":"product","2":"type-product","3":"status-publish","4":"has-post-thumbnail","6":"product_cat-okategoriserad","7":"atta45_taxonomy-tema-inspiration-grona-intryck-sv","8":"atta45_taxonomy-hem-hushall-koksartiklar-sv","9":"atta45_taxonomy-tema-inspiration-speciella-trycktekniker-name-it-sv","10":"atta45_taxonomy-tema-inspiration-speciella-trycktekniker-mega-laser-sv","11":"atta45_taxonomy-hem-hushall-ostbrickor-sv","12":"atta45_taxonomy-tema-inspiration-speciella-trycktekniker-sv","13":"atta45_taxonomy-hem-hushall-vaggur-sv","15":"first","16":"instock","17":"taxable","18":"shipping-taxable","19":"purchasable","20":"product-type-variable"},"acf":[],"_links":{"self":[{"href":"https:\/\/www.atta45.se\/e-butik\/wp-json\/wp\/v2\/product\/73012","targetHints":{"allow":["GET"]}}],"collection":[{"href":"https:\/\/www.atta45.se\/e-butik\/wp-json\/wp\/v2\/product"}],"about":[{"href":"https:\/\/www.atta45.se\/e-butik\/wp-json\/wp\/v2\/types\/product"}],"wp:featuredmedia":[{"embeddable":true,"href":"https:\/\/www.atta45.se\/e-butik\/wp-json\/wp\/v2\/media\/73013"}],"wp:attachment":[{"href":"https:\/\/www.atta45.se\/e-butik\/wp-json\/wp\/v2\/media?parent=73012"}],"wp:term":[{"taxonomy":"product_brand","embeddable":true,"href":"https:\/\/www.atta45.se\/e-butik\/wp-json\/wp\/v2\/product_brand?post=73012"},{"taxonomy":"product_cat","embeddable":true,"href":"https:\/\/www.atta45.se\/e-butik\/wp-json\/wp\/v2\/product_cat?post=73012"},{"taxonomy":"product_tag","embeddable":true,"href":"https:\/\/www.atta45.se\/e-butik\/wp-json\/wp\/v2\/product_tag?post=73012"}],"curies":[{"name":"wp","href":"https:\/\/api.w.org\/{rel}","templated":true}]}}