{"id":72964,"date":"2024-12-27T01:38:45","date_gmt":"2024-12-27T00:38:45","guid":{"rendered":"https:\/\/www.atta45.se\/e-butik\/?post_type=product&#038;p=72964"},"modified":"2025-10-27T15:51:46","modified_gmt":"2025-10-27T14:51:46","slug":"skarbrada-i-bambu-2","status":"publish","type":"product","link":"https:\/\/www.atta45.se\/e-butik\/produkt\/skarbrada-i-bambu-2\/","title":{"rendered":"Sk\u00e4rbr\u00e4da i bambu Steven"},"content":{"rendered":"<p>Sk\u00e4rbr\u00e4da i bambu. Tumh\u00e5let \u00e4r fodrat med en ring i silikon. Storlek: 24,5 x 17,5 x 1 cm.<\/p>\n","protected":false},"excerpt":{"rendered":"<p>Sk\u00e4rbr\u00e4da i bambu. Tumh\u00e5let \u00e4r fodrat med en ring i silikon. Storlek: 24,5 x 17,5 x 1 cm.<\/p>\n","protected":false},"featured_media":72965,"template":"","meta":{"_acf_changed":false,"_seopress_robots_primary_cat":"","_seopress_titles_title":"","_seopress_titles_desc":"","_seopress_robots_index":""},"product_brand":[],"product_cat":[15],"product_tag":[],"class_list":{"0":"post-72964","1":"product","2":"type-product","3":"status-publish","4":"has-post-thumbnail","6":"product_cat-okategoriserad","7":"atta45_taxonomy-tema-inspiration-grona-intryck-bambu-sv","8":"atta45_taxonomy-tema-inspiration-ogonblick-en-gron-planet-sv","9":"atta45_taxonomy-tema-inspiration-grona-intryck-sv","10":"atta45_taxonomy-hem-hushall-koksartiklar-sv","11":"atta45_taxonomy-tema-inspiration-speciella-trycktekniker-name-it-sv","12":"atta45_taxonomy-tema-inspiration-speciella-trycktekniker-mega-laser-sv","13":"atta45_taxonomy-hem-hushall-ostbrickor-sv","14":"atta45_taxonomy-tema-inspiration-utvalda-produkter-snabbleverans-sv","15":"atta45_taxonomy-tema-inspiration-speciella-trycktekniker-sv","16":"atta45_taxonomy-tema-inspiration-sv","18":"first","19":"instock","20":"taxable","21":"shipping-taxable","22":"purchasable","23":"product-type-variable"},"acf":[],"_links":{"self":[{"href":"https:\/\/www.atta45.se\/e-butik\/wp-json\/wp\/v2\/product\/72964","targetHints":{"allow":["GET"]}}],"collection":[{"href":"https:\/\/www.atta45.se\/e-butik\/wp-json\/wp\/v2\/product"}],"about":[{"href":"https:\/\/www.atta45.se\/e-butik\/wp-json\/wp\/v2\/types\/product"}],"wp:featuredmedia":[{"embeddable":true,"href":"https:\/\/www.atta45.se\/e-butik\/wp-json\/wp\/v2\/media\/72965"}],"wp:attachment":[{"href":"https:\/\/www.atta45.se\/e-butik\/wp-json\/wp\/v2\/media?parent=72964"}],"wp:term":[{"taxonomy":"product_brand","embeddable":true,"href":"https:\/\/www.atta45.se\/e-butik\/wp-json\/wp\/v2\/product_brand?post=72964"},{"taxonomy":"product_cat","embeddable":true,"href":"https:\/\/www.atta45.se\/e-butik\/wp-json\/wp\/v2\/product_cat?post=72964"},{"taxonomy":"product_tag","embeddable":true,"href":"https:\/\/www.atta45.se\/e-butik\/wp-json\/wp\/v2\/product_tag?post=72964"}],"curies":[{"name":"wp","href":"https:\/\/api.w.org\/{rel}","templated":true}]}}