{"id":72882,"date":"2024-12-27T01:37:39","date_gmt":"2024-12-27T00:37:39","guid":{"rendered":"https:\/\/www.atta45.se\/e-butik\/?post_type=product&#038;p=72882"},"modified":"2025-10-27T15:35:51","modified_gmt":"2025-10-27T14:35:51","slug":"lunchbox-esme-i-rostfritt-stal","status":"publish","type":"product","link":"https:\/\/www.atta45.se\/e-butik\/produkt\/lunchbox-esme-i-rostfritt-stal\/","title":{"rendered":"Lunchbox i rostfritt st\u00e5l Esme"},"content":{"rendered":"<p>Matl\u00e5da i rostfritt st\u00e5l (600 ml). Med bambulock och tv\u00e5 stycken bestick (gaffel och kniv). Inklusive nylonrem.<\/p>\n","protected":false},"excerpt":{"rendered":"<p>Matl\u00e5da i rostfritt st\u00e5l (600 ml). Med bambulock och tv\u00e5 stycken bestick (gaffel och kniv). Inklusive nylonrem.<\/p>\n","protected":false},"featured_media":72883,"template":"","meta":{"_acf_changed":false,"_seopress_robots_primary_cat":"","_seopress_titles_title":"","_seopress_titles_desc":"","_seopress_robots_index":""},"product_brand":[],"product_cat":[15],"product_tag":[],"class_list":{"0":"post-72882","1":"product","2":"type-product","3":"status-publish","4":"has-post-thumbnail","6":"product_cat-okategoriserad","7":"atta45_taxonomy-tema-inspiration-grona-intryck-bambu-sv","8":"atta45_taxonomy-tema-inspiration-grona-intryck-sv","9":"atta45_taxonomy-hem-hushall-koksartiklar-sv","10":"atta45_taxonomy-hem-hushall-lunchlada-sv","11":"atta45_taxonomy-tema-inspiration-ogonblick-pa-vagen-sv","12":"atta45_taxonomy-tema-inspiration-utvalda-produkter-snabbleverans-sv","13":"atta45_taxonomy-tema-inspiration-sv","15":"first","16":"instock","17":"taxable","18":"shipping-taxable","19":"purchasable","20":"product-type-variable"},"acf":[],"_links":{"self":[{"href":"https:\/\/www.atta45.se\/e-butik\/wp-json\/wp\/v2\/product\/72882","targetHints":{"allow":["GET"]}}],"collection":[{"href":"https:\/\/www.atta45.se\/e-butik\/wp-json\/wp\/v2\/product"}],"about":[{"href":"https:\/\/www.atta45.se\/e-butik\/wp-json\/wp\/v2\/types\/product"}],"wp:featuredmedia":[{"embeddable":true,"href":"https:\/\/www.atta45.se\/e-butik\/wp-json\/wp\/v2\/media\/72883"}],"wp:attachment":[{"href":"https:\/\/www.atta45.se\/e-butik\/wp-json\/wp\/v2\/media?parent=72882"}],"wp:term":[{"taxonomy":"product_brand","embeddable":true,"href":"https:\/\/www.atta45.se\/e-butik\/wp-json\/wp\/v2\/product_brand?post=72882"},{"taxonomy":"product_cat","embeddable":true,"href":"https:\/\/www.atta45.se\/e-butik\/wp-json\/wp\/v2\/product_cat?post=72882"},{"taxonomy":"product_tag","embeddable":true,"href":"https:\/\/www.atta45.se\/e-butik\/wp-json\/wp\/v2\/product_tag?post=72882"}],"curies":[{"name":"wp","href":"https:\/\/api.w.org\/{rel}","templated":true}]}}