{"id":72782,"date":"2024-12-27T01:36:22","date_gmt":"2024-12-27T00:36:22","guid":{"rendered":"https:\/\/www.atta45.se\/e-butik\/?post_type=product&#038;p=72782"},"modified":"2025-10-27T15:15:07","modified_gmt":"2025-10-27T14:15:07","slug":"lunchbox-i-pp-och-silikon","status":"publish","type":"product","link":"https:\/\/www.atta45.se\/e-butik\/produkt\/lunchbox-i-pp-och-silikon\/","title":{"rendered":"Matl\u00e5da i PP och silikon Veronica"},"content":{"rendered":"<p>Lunchbox i PP och silikon, rymmer 850 ml. Avdelare till tv\u00e5 separata fack p\u00e5 insidan. Locket kan anv\u00e4ndas som mobilh\u00e5llare.<\/p>\n","protected":false},"excerpt":{"rendered":"<p>Lunchbox i PP och silikon, rymmer 850 ml. Avdelare till tv\u00e5 separata fack p\u00e5 insidan. Locket kan anv\u00e4ndas som mobilh\u00e5llare.<\/p>\n","protected":false},"featured_media":72783,"template":"","meta":{"_acf_changed":false,"_seopress_robots_primary_cat":"","_seopress_titles_title":"","_seopress_titles_desc":"","_seopress_robots_index":""},"product_brand":[],"product_cat":[15],"product_tag":[],"class_list":{"0":"post-72782","1":"product","2":"type-product","3":"status-publish","4":"has-post-thumbnail","6":"product_cat-okategoriserad","7":"atta45_taxonomy-tema-inspiration-branscher-sv","8":"atta45_taxonomy-hem-hushall-koksartiklar-sv","9":"atta45_taxonomy-hem-hushall-lunchlada-sv","10":"atta45_taxonomy-tema-inspiration-ogonblick-skoldags-sv","11":"atta45_taxonomy-tema-inspiration-sv","12":"atta45_taxonomy-tema-inspiration-branscher-utbildning-sv","14":"first","15":"instock","16":"taxable","17":"shipping-taxable","18":"purchasable","19":"product-type-variable"},"acf":[],"_links":{"self":[{"href":"https:\/\/www.atta45.se\/e-butik\/wp-json\/wp\/v2\/product\/72782","targetHints":{"allow":["GET"]}}],"collection":[{"href":"https:\/\/www.atta45.se\/e-butik\/wp-json\/wp\/v2\/product"}],"about":[{"href":"https:\/\/www.atta45.se\/e-butik\/wp-json\/wp\/v2\/types\/product"}],"wp:featuredmedia":[{"embeddable":true,"href":"https:\/\/www.atta45.se\/e-butik\/wp-json\/wp\/v2\/media\/72783"}],"wp:attachment":[{"href":"https:\/\/www.atta45.se\/e-butik\/wp-json\/wp\/v2\/media?parent=72782"}],"wp:term":[{"taxonomy":"product_brand","embeddable":true,"href":"https:\/\/www.atta45.se\/e-butik\/wp-json\/wp\/v2\/product_brand?post=72782"},{"taxonomy":"product_cat","embeddable":true,"href":"https:\/\/www.atta45.se\/e-butik\/wp-json\/wp\/v2\/product_cat?post=72782"},{"taxonomy":"product_tag","embeddable":true,"href":"https:\/\/www.atta45.se\/e-butik\/wp-json\/wp\/v2\/product_tag?post=72782"}],"curies":[{"name":"wp","href":"https:\/\/api.w.org\/{rel}","templated":true}]}}