{"id":72748,"date":"2024-12-27T01:35:23","date_gmt":"2024-12-27T00:35:23","guid":{"rendered":"https:\/\/www.atta45.se\/e-butik\/?post_type=product&#038;p=72748"},"modified":"2025-10-27T14:48:04","modified_gmt":"2025-10-27T13:48:04","slug":"fyra-sugror-i-rostfritt-stal","status":"publish","type":"product","link":"https:\/\/www.atta45.se\/e-butik\/produkt\/fyra-sugror-i-rostfritt-stal\/","title":{"rendered":"Sugr\u00f6r 4 st. i rostfritt st\u00e5l Rudy"},"content":{"rendered":"<p>Fyra milj\u00f6v\u00e4nliga sugr\u00f6r i rostfritt st\u00e5l. L\u00e4ngden p\u00e5 str\u00e5na \u00e4r 23 cm. Smal diskborste f\u00f6r reng\u00e5ring ing\u00e5r.<\/p>\n","protected":false},"excerpt":{"rendered":"<p>Fyra milj\u00f6v\u00e4nliga sugr\u00f6r i rostfritt st\u00e5l. L\u00e4ngden p\u00e5 str\u00e5na \u00e4r 23 cm. Smal diskborste f\u00f6r reng\u00e5ring ing\u00e5r.<\/p>\n","protected":false},"featured_media":72749,"template":"","meta":{"_acf_changed":false,"_seopress_robots_primary_cat":"","_seopress_titles_title":"","_seopress_titles_desc":"","_seopress_robots_index":""},"product_brand":[],"product_cat":[15],"product_tag":[],"class_list":{"0":"post-72748","1":"product","2":"type-product","3":"status-publish","4":"has-post-thumbnail","6":"product_cat-okategoriserad","7":"atta45_taxonomy-tema-inspiration-grona-intryck-sv","8":"atta45_taxonomy-hem-hushall-koksartiklar-sv","10":"first","11":"instock","12":"taxable","13":"shipping-taxable","14":"purchasable","15":"product-type-variable"},"acf":[],"_links":{"self":[{"href":"https:\/\/www.atta45.se\/e-butik\/wp-json\/wp\/v2\/product\/72748","targetHints":{"allow":["GET"]}}],"collection":[{"href":"https:\/\/www.atta45.se\/e-butik\/wp-json\/wp\/v2\/product"}],"about":[{"href":"https:\/\/www.atta45.se\/e-butik\/wp-json\/wp\/v2\/types\/product"}],"wp:featuredmedia":[{"embeddable":true,"href":"https:\/\/www.atta45.se\/e-butik\/wp-json\/wp\/v2\/media\/72749"}],"wp:attachment":[{"href":"https:\/\/www.atta45.se\/e-butik\/wp-json\/wp\/v2\/media?parent=72748"}],"wp:term":[{"taxonomy":"product_brand","embeddable":true,"href":"https:\/\/www.atta45.se\/e-butik\/wp-json\/wp\/v2\/product_brand?post=72748"},{"taxonomy":"product_cat","embeddable":true,"href":"https:\/\/www.atta45.se\/e-butik\/wp-json\/wp\/v2\/product_cat?post=72748"},{"taxonomy":"product_tag","embeddable":true,"href":"https:\/\/www.atta45.se\/e-butik\/wp-json\/wp\/v2\/product_tag?post=72748"}],"curies":[{"name":"wp","href":"https:\/\/api.w.org\/{rel}","templated":true}]}}