{"id":72688,"date":"2024-12-27T01:34:39","date_gmt":"2024-12-27T00:34:39","guid":{"rendered":"https:\/\/www.atta45.se\/e-butik\/?post_type=product&#038;p=72688"},"modified":"2025-10-28T00:12:41","modified_gmt":"2025-10-27T23:12:41","slug":"kyparkniv","status":"publish","type":"product","link":"https:\/\/www.atta45.se\/e-butik\/produkt\/kyparkniv\/","title":{"rendered":"Servit\u00f6rskniv i rostfritt st\u00e5l Rosaura"},"content":{"rendered":"<p>Kyparkniv med korkskruv, kapsyl\u00f6ppnare, kniv och f\u00e4rgade inl\u00e4gg p\u00e5 kroppen.<\/p>\n","protected":false},"excerpt":{"rendered":"<p>Kyparkniv med korkskruv, kapsyl\u00f6ppnare, kniv och f\u00e4rgade inl\u00e4gg p\u00e5 kroppen.<\/p>\n","protected":false},"featured_media":72689,"template":"","meta":{"_acf_changed":false,"_seopress_robots_primary_cat":"","_seopress_titles_title":"","_seopress_titles_desc":"","_seopress_robots_index":""},"product_brand":[],"product_cat":[15],"product_tag":[],"class_list":{"0":"post-72688","1":"product","2":"type-product","3":"status-publish","4":"has-post-thumbnail","6":"product_cat-okategoriserad","7":"atta45_taxonomy-tema-inspiration-ogonblick-arsslut-sv","8":"atta45_taxonomy-hem-hushall-koksartiklar-sv","9":"atta45_taxonomy-tema-inspiration-ogonblick-sv","10":"atta45_taxonomy-hem-hushall-ostbrickor-sv","11":"atta45_taxonomy-tema-inspiration-sv","12":"atta45_taxonomy-tema-inspiration-ogonblick-vinterlandskap-sv","13":"atta45_taxonomy-hem-hushall-vintillbehor-sv","15":"first","16":"instock","17":"taxable","18":"shipping-taxable","19":"purchasable","20":"product-type-variable"},"acf":[],"_links":{"self":[{"href":"https:\/\/www.atta45.se\/e-butik\/wp-json\/wp\/v2\/product\/72688","targetHints":{"allow":["GET"]}}],"collection":[{"href":"https:\/\/www.atta45.se\/e-butik\/wp-json\/wp\/v2\/product"}],"about":[{"href":"https:\/\/www.atta45.se\/e-butik\/wp-json\/wp\/v2\/types\/product"}],"wp:featuredmedia":[{"embeddable":true,"href":"https:\/\/www.atta45.se\/e-butik\/wp-json\/wp\/v2\/media\/72689"}],"wp:attachment":[{"href":"https:\/\/www.atta45.se\/e-butik\/wp-json\/wp\/v2\/media?parent=72688"}],"wp:term":[{"taxonomy":"product_brand","embeddable":true,"href":"https:\/\/www.atta45.se\/e-butik\/wp-json\/wp\/v2\/product_brand?post=72688"},{"taxonomy":"product_cat","embeddable":true,"href":"https:\/\/www.atta45.se\/e-butik\/wp-json\/wp\/v2\/product_cat?post=72688"},{"taxonomy":"product_tag","embeddable":true,"href":"https:\/\/www.atta45.se\/e-butik\/wp-json\/wp\/v2\/product_tag?post=72688"}],"curies":[{"name":"wp","href":"https:\/\/api.w.org\/{rel}","templated":true}]}}