{"id":72552,"date":"2024-12-27T01:32:36","date_gmt":"2024-12-27T00:32:36","guid":{"rendered":"https:\/\/www.atta45.se\/e-butik\/?post_type=product&#038;p=72552"},"modified":"2025-10-27T23:41:06","modified_gmt":"2025-10-27T22:41:06","slug":"digital-kokstimer-i-plast","status":"publish","type":"product","link":"https:\/\/www.atta45.se\/e-butik\/produkt\/digital-kokstimer-i-plast\/","title":{"rendered":"K\u00f6kstimer ABS Lorelei"},"content":{"rendered":"<p>Digital k\u00f6kstimer i plast med magnet p\u00e5 baksidan. Passar perfekt att h\u00e4nga p\u00e5 kylsk\u00e5pet eller fl\u00e4kten. Bra tryckyta. Batterier medf\u00f6ljer.<\/p>\n","protected":false},"excerpt":{"rendered":"<p>Digital k\u00f6kstimer i plast med magnet p\u00e5 baksidan. Passar perfekt att h\u00e4nga p\u00e5 kylsk\u00e5pet eller fl\u00e4kten. Bra tryckyta. Batterier medf\u00f6ljer.<\/p>\n","protected":false},"featured_media":72553,"template":"","meta":{"_acf_changed":false,"_seopress_robots_primary_cat":"","_seopress_titles_title":"","_seopress_titles_desc":"","_seopress_robots_index":""},"product_brand":[],"product_cat":[15],"product_tag":[],"class_list":{"0":"post-72552","1":"product","2":"type-product","3":"status-publish","4":"has-post-thumbnail","6":"product_cat-okategoriserad","7":"atta45_taxonomy-elektronik-kontor-sv","8":"atta45_taxonomy-tema-inspiration-ogonblick-framtiden-ar-din-sv","9":"atta45_taxonomy-hem-hushall-koksartiklar-sv","10":"atta45_taxonomy-tema-inspiration-sv","11":"atta45_taxonomy-hem-hushall-vaggur-sv","13":"first","14":"instock","15":"taxable","16":"shipping-taxable","17":"purchasable","18":"product-type-variable"},"acf":[],"_links":{"self":[{"href":"https:\/\/www.atta45.se\/e-butik\/wp-json\/wp\/v2\/product\/72552","targetHints":{"allow":["GET"]}}],"collection":[{"href":"https:\/\/www.atta45.se\/e-butik\/wp-json\/wp\/v2\/product"}],"about":[{"href":"https:\/\/www.atta45.se\/e-butik\/wp-json\/wp\/v2\/types\/product"}],"wp:featuredmedia":[{"embeddable":true,"href":"https:\/\/www.atta45.se\/e-butik\/wp-json\/wp\/v2\/media\/72553"}],"wp:attachment":[{"href":"https:\/\/www.atta45.se\/e-butik\/wp-json\/wp\/v2\/media?parent=72552"}],"wp:term":[{"taxonomy":"product_brand","embeddable":true,"href":"https:\/\/www.atta45.se\/e-butik\/wp-json\/wp\/v2\/product_brand?post=72552"},{"taxonomy":"product_cat","embeddable":true,"href":"https:\/\/www.atta45.se\/e-butik\/wp-json\/wp\/v2\/product_cat?post=72552"},{"taxonomy":"product_tag","embeddable":true,"href":"https:\/\/www.atta45.se\/e-butik\/wp-json\/wp\/v2\/product_tag?post=72552"}],"curies":[{"name":"wp","href":"https:\/\/api.w.org\/{rel}","templated":true}]}}