{"id":72526,"date":"2024-12-27T01:32:10","date_gmt":"2024-12-27T00:32:10","guid":{"rendered":"https:\/\/www.atta45.se\/e-butik\/?post_type=product&#038;p=72526"},"modified":"2025-10-27T23:28:45","modified_gmt":"2025-10-27T22:28:45","slug":"knivset-for-koket-i-fjorton-delar-i-rostfritt-stal-och-pp","status":"publish","type":"product","link":"https:\/\/www.atta45.se\/e-butik\/produkt\/knivset-for-koket-i-fjorton-delar-i-rostfritt-stal-och-pp\/","title":{"rendered":"Knivset, f\u00f6r k\u00f6ket, i fjorton delar, i rostfritt st\u00e5l, och PP, Lucille"},"content":{"rendered":"<p>Knivset f\u00f6r k\u00f6ket i fjorton delar, best\u00e5ende av en sax, ett knivbryne och elva olika knivar i ett tr\u00e4block.<\/p>\n","protected":false},"excerpt":{"rendered":"<p>Knivset f\u00f6r k\u00f6ket i fjorton delar, best\u00e5ende av en sax, ett knivbryne och elva olika knivar i ett tr\u00e4block.<\/p>\n","protected":false},"featured_media":72527,"template":"","meta":{"_acf_changed":false,"_seopress_robots_primary_cat":"","_seopress_titles_title":"","_seopress_titles_desc":"","_seopress_robots_index":""},"product_brand":[],"product_cat":[15],"product_tag":[],"class_list":{"0":"post-72526","1":"product","2":"type-product","3":"status-publish","4":"has-post-thumbnail","6":"product_cat-okategoriserad","7":"atta45_taxonomy-hem-hushall-koksartiklar-sv","9":"first","10":"instock","11":"taxable","12":"shipping-taxable","13":"purchasable","14":"product-type-variable"},"acf":[],"_links":{"self":[{"href":"https:\/\/www.atta45.se\/e-butik\/wp-json\/wp\/v2\/product\/72526","targetHints":{"allow":["GET"]}}],"collection":[{"href":"https:\/\/www.atta45.se\/e-butik\/wp-json\/wp\/v2\/product"}],"about":[{"href":"https:\/\/www.atta45.se\/e-butik\/wp-json\/wp\/v2\/types\/product"}],"wp:featuredmedia":[{"embeddable":true,"href":"https:\/\/www.atta45.se\/e-butik\/wp-json\/wp\/v2\/media\/72527"}],"wp:attachment":[{"href":"https:\/\/www.atta45.se\/e-butik\/wp-json\/wp\/v2\/media?parent=72526"}],"wp:term":[{"taxonomy":"product_brand","embeddable":true,"href":"https:\/\/www.atta45.se\/e-butik\/wp-json\/wp\/v2\/product_brand?post=72526"},{"taxonomy":"product_cat","embeddable":true,"href":"https:\/\/www.atta45.se\/e-butik\/wp-json\/wp\/v2\/product_cat?post=72526"},{"taxonomy":"product_tag","embeddable":true,"href":"https:\/\/www.atta45.se\/e-butik\/wp-json\/wp\/v2\/product_tag?post=72526"}],"curies":[{"name":"wp","href":"https:\/\/api.w.org\/{rel}","templated":true}]}}