{"id":72480,"date":"2024-12-27T01:31:18","date_gmt":"2024-12-27T00:31:18","guid":{"rendered":"https:\/\/www.atta45.se\/e-butik\/?post_type=product&#038;p=72480"},"modified":"2025-10-27T23:07:39","modified_gmt":"2025-10-27T22:07:39","slug":"skarbrada-i-tra-for-ost-2","status":"publish","type":"product","link":"https:\/\/www.atta45.se\/e-butik\/produkt\/skarbrada-i-tra-for-ost-2\/","title":{"rendered":"Sk\u00e4rbr\u00e4da i tr\u00e4, f\u00f6r ost, Arlo"},"content":{"rendered":"<p>Sk\u00e4rbr\u00e4da f\u00f6r ost i gummitr\u00e4 med magnetupph\u00e4ngning och 4 bestick. Levereras i presentf\u00f6rpackning.<\/p>\n","protected":false},"excerpt":{"rendered":"<p>Sk\u00e4rbr\u00e4da f\u00f6r ost i gummitr\u00e4 med magnetupph\u00e4ngning och 4 bestick. Levereras i presentf\u00f6rpackning.<\/p>\n","protected":false},"featured_media":72481,"template":"","meta":{"_acf_changed":false,"_seopress_robots_primary_cat":"","_seopress_titles_title":"","_seopress_titles_desc":"","_seopress_robots_index":""},"product_brand":[],"product_cat":[15],"product_tag":[],"class_list":{"0":"post-72480","1":"product","2":"type-product","3":"status-publish","4":"has-post-thumbnail","6":"product_cat-okategoriserad","7":"atta45_taxonomy-tema-inspiration-grona-intryck-sv","8":"atta45_taxonomy-hem-hushall-koksartiklar-sv","9":"atta45_taxonomy-tema-inspiration-speciella-trycktekniker-name-it-sv","10":"atta45_taxonomy-hem-hushall-ostbrickor-sv","11":"atta45_taxonomy-hem-hushall-vintillbehor-sv","13":"first","14":"instock","15":"taxable","16":"shipping-taxable","17":"purchasable","18":"product-type-variable"},"acf":[],"_links":{"self":[{"href":"https:\/\/www.atta45.se\/e-butik\/wp-json\/wp\/v2\/product\/72480","targetHints":{"allow":["GET"]}}],"collection":[{"href":"https:\/\/www.atta45.se\/e-butik\/wp-json\/wp\/v2\/product"}],"about":[{"href":"https:\/\/www.atta45.se\/e-butik\/wp-json\/wp\/v2\/types\/product"}],"wp:featuredmedia":[{"embeddable":true,"href":"https:\/\/www.atta45.se\/e-butik\/wp-json\/wp\/v2\/media\/72481"}],"wp:attachment":[{"href":"https:\/\/www.atta45.se\/e-butik\/wp-json\/wp\/v2\/media?parent=72480"}],"wp:term":[{"taxonomy":"product_brand","embeddable":true,"href":"https:\/\/www.atta45.se\/e-butik\/wp-json\/wp\/v2\/product_brand?post=72480"},{"taxonomy":"product_cat","embeddable":true,"href":"https:\/\/www.atta45.se\/e-butik\/wp-json\/wp\/v2\/product_cat?post=72480"},{"taxonomy":"product_tag","embeddable":true,"href":"https:\/\/www.atta45.se\/e-butik\/wp-json\/wp\/v2\/product_tag?post=72480"}],"curies":[{"name":"wp","href":"https:\/\/api.w.org\/{rel}","templated":true}]}}