{"id":72464,"date":"2024-12-27T01:31:04","date_gmt":"2024-12-27T00:31:04","guid":{"rendered":"https:\/\/www.atta45.se\/e-butik\/?post_type=product&#038;p=72464"},"modified":"2025-10-27T23:07:28","modified_gmt":"2025-10-27T22:07:28","slug":"skarbrada-i-tra-for-ost","status":"publish","type":"product","link":"https:\/\/www.atta45.se\/e-butik\/produkt\/skarbrada-i-tra-for-ost\/","title":{"rendered":"Sk\u00e4rbr\u00e4da f\u00f6r ost, Max"},"content":{"rendered":"<p>Sk\u00e4rbr\u00e4da i gummitr\u00e4 f\u00f6r ost med osthyvel och 2 knivar. Levereras i en presentf\u00f6rpackning.<\/p>\n","protected":false},"excerpt":{"rendered":"<p>Sk\u00e4rbr\u00e4da i gummitr\u00e4 f\u00f6r ost med osthyvel och 2 knivar. Levereras i en presentf\u00f6rpackning.<\/p>\n","protected":false},"featured_media":72465,"template":"","meta":{"_acf_changed":false,"_seopress_robots_primary_cat":"","_seopress_titles_title":"","_seopress_titles_desc":"","_seopress_robots_index":""},"product_brand":[],"product_cat":[15],"product_tag":[],"class_list":{"0":"post-72464","1":"product","2":"type-product","3":"status-publish","4":"has-post-thumbnail","6":"product_cat-okategoriserad","7":"atta45_taxonomy-tema-inspiration-ogonblick-arsslut-sv","8":"atta45_taxonomy-tema-inspiration-ogonblick-en-gron-planet-sv","9":"atta45_taxonomy-tema-inspiration-grona-intryck-sv","10":"atta45_taxonomy-hem-hushall-koksartiklar-sv","11":"atta45_taxonomy-tema-inspiration-speciella-trycktekniker-name-it-sv","12":"atta45_taxonomy-tema-inspiration-speciella-trycktekniker-mega-laser-sv","13":"atta45_taxonomy-hem-hushall-ostbrickor-sv","14":"atta45_taxonomy-tema-inspiration-speciella-trycktekniker-sv","15":"atta45_taxonomy-tema-inspiration-sv","16":"atta45_taxonomy-hem-hushall-vintillbehor-sv","18":"first","19":"instock","20":"taxable","21":"shipping-taxable","22":"purchasable","23":"product-type-variable"},"acf":[],"_links":{"self":[{"href":"https:\/\/www.atta45.se\/e-butik\/wp-json\/wp\/v2\/product\/72464","targetHints":{"allow":["GET"]}}],"collection":[{"href":"https:\/\/www.atta45.se\/e-butik\/wp-json\/wp\/v2\/product"}],"about":[{"href":"https:\/\/www.atta45.se\/e-butik\/wp-json\/wp\/v2\/types\/product"}],"wp:featuredmedia":[{"embeddable":true,"href":"https:\/\/www.atta45.se\/e-butik\/wp-json\/wp\/v2\/media\/72465"}],"wp:attachment":[{"href":"https:\/\/www.atta45.se\/e-butik\/wp-json\/wp\/v2\/media?parent=72464"}],"wp:term":[{"taxonomy":"product_brand","embeddable":true,"href":"https:\/\/www.atta45.se\/e-butik\/wp-json\/wp\/v2\/product_brand?post=72464"},{"taxonomy":"product_cat","embeddable":true,"href":"https:\/\/www.atta45.se\/e-butik\/wp-json\/wp\/v2\/product_cat?post=72464"},{"taxonomy":"product_tag","embeddable":true,"href":"https:\/\/www.atta45.se\/e-butik\/wp-json\/wp\/v2\/product_tag?post=72464"}],"curies":[{"name":"wp","href":"https:\/\/api.w.org\/{rel}","templated":true}]}}