{"id":72396,"date":"2024-12-27T01:29:49","date_gmt":"2024-12-27T00:29:49","guid":{"rendered":"https:\/\/www.atta45.se\/e-butik\/?post_type=product&#038;p=72396"},"modified":"2025-10-27T22:42:01","modified_gmt":"2025-10-27T21:42:01","slug":"forvaringslada-apple","status":"publish","type":"product","link":"https:\/\/www.atta45.se\/e-butik\/produkt\/forvaringslada-apple\/","title":{"rendered":"F\u00f6rvaringsl\u00e5da, PP, \u00e4pple, Danika"},"content":{"rendered":"<p>Plastl\u00e5da i form av ett \u00e4pple. Perfekt att skydda mellanm\u00e5ls frukten.<\/p>\n","protected":false},"excerpt":{"rendered":"<p>Plastl\u00e5da i form av ett \u00e4pple. Perfekt att skydda mellanm\u00e5ls frukten.<\/p>\n","protected":false},"featured_media":72397,"template":"","meta":{"_acf_changed":false,"_seopress_robots_primary_cat":"","_seopress_titles_title":"","_seopress_titles_desc":"","_seopress_robots_index":""},"product_brand":[],"product_cat":[15],"product_tag":[],"class_list":{"0":"post-72396","1":"product","2":"type-product","3":"status-publish","4":"has-post-thumbnail","6":"product_cat-okategoriserad","7":"atta45_taxonomy-tema-inspiration-branscher-sv","8":"atta45_taxonomy-tema-inspiration-ogonblick-en-dag-i-parken-sv","9":"atta45_taxonomy-hem-hushall-koksartiklar-sv","10":"atta45_taxonomy-hem-hushall-lunchlada-sv","11":"atta45_taxonomy-tema-inspiration-sv","12":"atta45_taxonomy-tema-inspiration-branscher-utbildning-sv","14":"first","15":"instock","16":"taxable","17":"shipping-taxable","18":"purchasable","19":"product-type-variable"},"acf":[],"_links":{"self":[{"href":"https:\/\/www.atta45.se\/e-butik\/wp-json\/wp\/v2\/product\/72396","targetHints":{"allow":["GET"]}}],"collection":[{"href":"https:\/\/www.atta45.se\/e-butik\/wp-json\/wp\/v2\/product"}],"about":[{"href":"https:\/\/www.atta45.se\/e-butik\/wp-json\/wp\/v2\/types\/product"}],"wp:featuredmedia":[{"embeddable":true,"href":"https:\/\/www.atta45.se\/e-butik\/wp-json\/wp\/v2\/media\/72397"}],"wp:attachment":[{"href":"https:\/\/www.atta45.se\/e-butik\/wp-json\/wp\/v2\/media?parent=72396"}],"wp:term":[{"taxonomy":"product_brand","embeddable":true,"href":"https:\/\/www.atta45.se\/e-butik\/wp-json\/wp\/v2\/product_brand?post=72396"},{"taxonomy":"product_cat","embeddable":true,"href":"https:\/\/www.atta45.se\/e-butik\/wp-json\/wp\/v2\/product_cat?post=72396"},{"taxonomy":"product_tag","embeddable":true,"href":"https:\/\/www.atta45.se\/e-butik\/wp-json\/wp\/v2\/product_tag?post=72396"}],"curies":[{"name":"wp","href":"https:\/\/api.w.org\/{rel}","templated":true}]}}