{"id":72384,"date":"2024-12-27T01:29:36","date_gmt":"2024-12-27T00:29:36","guid":{"rendered":"https:\/\/www.atta45.se\/e-butik\/?post_type=product&#038;p=72384"},"modified":"2025-10-27T20:30:45","modified_gmt":"2025-10-27T19:30:45","slug":"skarbrada-i-acacia-walter","status":"publish","type":"product","link":"https:\/\/www.atta45.se\/e-butik\/produkt\/skarbrada-i-acacia-walter\/","title":{"rendered":"Sk\u00e4rbr\u00e4da i acacia Walter"},"content":{"rendered":"<p>Sk\u00e4rbr\u00e4da i akaciatr\u00e4 med handtag och PU-sn\u00f6re. Individuellt f\u00f6rpackad i brun kartong.<\/p>\n","protected":false},"excerpt":{"rendered":"<p>Sk\u00e4rbr\u00e4da i akaciatr\u00e4 med handtag och PU-sn\u00f6re. Individuellt f\u00f6rpackad i brun kartong.<\/p>\n","protected":false},"featured_media":72385,"template":"","meta":{"_acf_changed":false,"_seopress_robots_primary_cat":"","_seopress_titles_title":"","_seopress_titles_desc":"","_seopress_robots_index":""},"product_brand":[],"product_cat":[15],"product_tag":[],"class_list":{"0":"post-72384","1":"product","2":"type-product","3":"status-publish","4":"has-post-thumbnail","6":"product_cat-okategoriserad","7":"atta45_taxonomy-tema-inspiration-grona-intryck-sv","8":"atta45_taxonomy-hem-hushall-koksartiklar-sv","9":"atta45_taxonomy-tema-inspiration-utvalda-produkter-nyheter-sv","10":"atta45_taxonomy-nyheter-sv","11":"atta45_taxonomy-hem-hushall-ostbrickor-sv","13":"first","14":"instock","15":"taxable","16":"shipping-taxable","17":"purchasable","18":"product-type-variable"},"acf":[],"_links":{"self":[{"href":"https:\/\/www.atta45.se\/e-butik\/wp-json\/wp\/v2\/product\/72384","targetHints":{"allow":["GET"]}}],"collection":[{"href":"https:\/\/www.atta45.se\/e-butik\/wp-json\/wp\/v2\/product"}],"about":[{"href":"https:\/\/www.atta45.se\/e-butik\/wp-json\/wp\/v2\/types\/product"}],"wp:featuredmedia":[{"embeddable":true,"href":"https:\/\/www.atta45.se\/e-butik\/wp-json\/wp\/v2\/media\/72385"}],"wp:attachment":[{"href":"https:\/\/www.atta45.se\/e-butik\/wp-json\/wp\/v2\/media?parent=72384"}],"wp:term":[{"taxonomy":"product_brand","embeddable":true,"href":"https:\/\/www.atta45.se\/e-butik\/wp-json\/wp\/v2\/product_brand?post=72384"},{"taxonomy":"product_cat","embeddable":true,"href":"https:\/\/www.atta45.se\/e-butik\/wp-json\/wp\/v2\/product_cat?post=72384"},{"taxonomy":"product_tag","embeddable":true,"href":"https:\/\/www.atta45.se\/e-butik\/wp-json\/wp\/v2\/product_tag?post=72384"}],"curies":[{"name":"wp","href":"https:\/\/api.w.org\/{rel}","templated":true}]}}