{"id":72326,"date":"2024-12-27T01:28:21","date_gmt":"2024-12-27T00:28:21","guid":{"rendered":"https:\/\/www.atta45.se\/e-butik\/?post_type=product&#038;p=72326"},"modified":"2025-10-27T20:22:33","modified_gmt":"2025-10-27T19:22:33","slug":"set-med-iskuber-av-sten-jens","status":"publish","type":"product","link":"https:\/\/www.atta45.se\/e-butik\/produkt\/set-med-iskuber-av-sten-jens\/","title":{"rendered":"Set med iskuber av sten Jens"},"content":{"rendered":"<p>Set med 4 \u00e5teranv\u00e4ndbara naturstenar. Stenarna  placeras i kylen f\u00f6r att svalna och kan \u00e5teranv\u00e4ndas. F\u00f6rpackad i en bomullsp\u00e5se med dragsko.<\/p>\n","protected":false},"excerpt":{"rendered":"<p>Set med 4 \u00e5teranv\u00e4ndbara naturstenar. Stenarna placeras i kylen f\u00f6r att svalna och kan \u00e5teranv\u00e4ndas. F\u00f6rpackad i en bomullsp\u00e5se med dragsko.<\/p>\n","protected":false},"featured_media":72327,"template":"","meta":{"_acf_changed":false,"_seopress_robots_primary_cat":"","_seopress_titles_title":"","_seopress_titles_desc":"","_seopress_robots_index":""},"product_brand":[],"product_cat":[15],"product_tag":[],"class_list":{"0":"post-72326","1":"product","2":"type-product","3":"status-publish","4":"has-post-thumbnail","6":"product_cat-okategoriserad","7":"atta45_taxonomy-tema-inspiration-grona-intryck-sv","8":"atta45_taxonomy-hem-hushall-koksartiklar-sv","9":"atta45_taxonomy-tema-inspiration-grona-intryck-kork-sv","10":"atta45_taxonomy-nyheter-sv","11":"atta45_taxonomy-tema-inspiration-utvalda-produkter-nyheter-sv","13":"first","14":"instock","15":"taxable","16":"shipping-taxable","17":"purchasable","18":"product-type-variable"},"acf":[],"_links":{"self":[{"href":"https:\/\/www.atta45.se\/e-butik\/wp-json\/wp\/v2\/product\/72326","targetHints":{"allow":["GET"]}}],"collection":[{"href":"https:\/\/www.atta45.se\/e-butik\/wp-json\/wp\/v2\/product"}],"about":[{"href":"https:\/\/www.atta45.se\/e-butik\/wp-json\/wp\/v2\/types\/product"}],"wp:featuredmedia":[{"embeddable":true,"href":"https:\/\/www.atta45.se\/e-butik\/wp-json\/wp\/v2\/media\/72327"}],"wp:attachment":[{"href":"https:\/\/www.atta45.se\/e-butik\/wp-json\/wp\/v2\/media?parent=72326"}],"wp:term":[{"taxonomy":"product_brand","embeddable":true,"href":"https:\/\/www.atta45.se\/e-butik\/wp-json\/wp\/v2\/product_brand?post=72326"},{"taxonomy":"product_cat","embeddable":true,"href":"https:\/\/www.atta45.se\/e-butik\/wp-json\/wp\/v2\/product_cat?post=72326"},{"taxonomy":"product_tag","embeddable":true,"href":"https:\/\/www.atta45.se\/e-butik\/wp-json\/wp\/v2\/product_tag?post=72326"}],"curies":[{"name":"wp","href":"https:\/\/api.w.org\/{rel}","templated":true}]}}