{"id":72236,"date":"2024-12-27T01:26:36","date_gmt":"2024-12-27T00:26:36","guid":{"rendered":"https:\/\/www.atta45.se\/e-butik\/?post_type=product&#038;p=72236"},"modified":"2025-10-27T19:52:08","modified_gmt":"2025-10-27T18:52:08","slug":"serveringsbrada-i-bambu-kennedy","status":"publish","type":"product","link":"https:\/\/www.atta45.se\/e-butik\/produkt\/serveringsbrada-i-bambu-kennedy\/","title":{"rendered":"Serveringsbr\u00e4da i bambu Kennedy"},"content":{"rendered":"<p>Serveringsbr\u00e4da av bambu med \u00f6ppning f\u00f6r ett vinglas. F\u00f6rpackad i tensilpapper.<\/p>\n","protected":false},"excerpt":{"rendered":"<p>Serveringsbr\u00e4da av bambu med \u00f6ppning f\u00f6r ett vinglas. F\u00f6rpackad i tensilpapper.<\/p>\n","protected":false},"featured_media":72237,"template":"","meta":{"_acf_changed":false,"_seopress_robots_primary_cat":"","_seopress_titles_title":"","_seopress_titles_desc":"","_seopress_robots_index":""},"product_brand":[],"product_cat":[15],"product_tag":[],"class_list":{"0":"post-72236","1":"product","2":"type-product","3":"status-publish","4":"has-post-thumbnail","6":"product_cat-okategoriserad","7":"atta45_taxonomy-tema-inspiration-grona-intryck-bambu-sv","8":"atta45_taxonomy-tema-inspiration-grona-intryck-sv","9":"atta45_taxonomy-hem-hushall-koksartiklar-sv","10":"atta45_taxonomy-tema-inspiration-utvalda-produkter-nyheter-sv","11":"atta45_taxonomy-nyheter-sv","12":"atta45_taxonomy-tema-inspiration-ogonblick-sv","13":"atta45_taxonomy-hem-hushall-ostbrickor-sv","14":"atta45_taxonomy-tema-inspiration-branscher-skonhet-friskvard-sv","15":"atta45_taxonomy-tema-inspiration-sv","16":"atta45_taxonomy-hem-hushall-vintillbehor-sv","18":"first","19":"instock","20":"taxable","21":"shipping-taxable","22":"purchasable","23":"product-type-variable"},"acf":[],"_links":{"self":[{"href":"https:\/\/www.atta45.se\/e-butik\/wp-json\/wp\/v2\/product\/72236","targetHints":{"allow":["GET"]}}],"collection":[{"href":"https:\/\/www.atta45.se\/e-butik\/wp-json\/wp\/v2\/product"}],"about":[{"href":"https:\/\/www.atta45.se\/e-butik\/wp-json\/wp\/v2\/types\/product"}],"wp:featuredmedia":[{"embeddable":true,"href":"https:\/\/www.atta45.se\/e-butik\/wp-json\/wp\/v2\/media\/72237"}],"wp:attachment":[{"href":"https:\/\/www.atta45.se\/e-butik\/wp-json\/wp\/v2\/media?parent=72236"}],"wp:term":[{"taxonomy":"product_brand","embeddable":true,"href":"https:\/\/www.atta45.se\/e-butik\/wp-json\/wp\/v2\/product_brand?post=72236"},{"taxonomy":"product_cat","embeddable":true,"href":"https:\/\/www.atta45.se\/e-butik\/wp-json\/wp\/v2\/product_cat?post=72236"},{"taxonomy":"product_tag","embeddable":true,"href":"https:\/\/www.atta45.se\/e-butik\/wp-json\/wp\/v2\/product_tag?post=72236"}],"curies":[{"name":"wp","href":"https:\/\/api.w.org\/{rel}","templated":true}]}}