{"id":72226,"date":"2024-12-27T01:26:23","date_gmt":"2024-12-27T00:26:23","guid":{"rendered":"https:\/\/www.atta45.se\/e-butik\/?post_type=product&#038;p=72226"},"modified":"2025-10-27T19:31:59","modified_gmt":"2025-10-27T18:31:59","slug":"lunchlada-i-stal-kasen","status":"publish","type":"product","link":"https:\/\/www.atta45.se\/e-butik\/produkt\/lunchlada-i-stal-kasen\/","title":{"rendered":"Lunchl\u00e5da i st\u00e5l Kasen"},"content":{"rendered":"<p>Lunchl\u00e5da av rostfritt st\u00e5l (s\/s304) med 1100 ml kapacitet och sp\u00e4nnef\u00f6rslutning. Individuellt f\u00f6rpackad i en brun kartongl\u00e5da.<\/p>\n","protected":false},"excerpt":{"rendered":"<p>Lunchl\u00e5da av rostfritt st\u00e5l (s\/s304) med 1100 ml kapacitet och sp\u00e4nnef\u00f6rslutning. Individuellt f\u00f6rpackad i en brun kartongl\u00e5da.<\/p>\n","protected":false},"featured_media":72227,"template":"","meta":{"_acf_changed":false,"_seopress_robots_primary_cat":"","_seopress_titles_title":"","_seopress_titles_desc":"","_seopress_robots_index":""},"product_brand":[],"product_cat":[15],"product_tag":[],"class_list":{"0":"post-72226","1":"product","2":"type-product","3":"status-publish","4":"has-post-thumbnail","6":"product_cat-okategoriserad","7":"atta45_taxonomy-hem-hushall-koksartiklar-sv","8":"atta45_taxonomy-tema-inspiration-branscher-konstruktion-sv","9":"atta45_taxonomy-tema-inspiration-ogonblick-kontorsliv-sv","10":"atta45_taxonomy-hem-hushall-lunchlada-sv","11":"atta45_taxonomy-tema-inspiration-utvalda-produkter-nyheter-sv","12":"atta45_taxonomy-nyheter-sv","13":"atta45_taxonomy-tema-inspiration-ogonblick-pa-vagen-sv","14":"atta45_taxonomy-tema-inspiration-sv","16":"first","17":"instock","18":"taxable","19":"shipping-taxable","20":"purchasable","21":"product-type-variable"},"acf":[],"_links":{"self":[{"href":"https:\/\/www.atta45.se\/e-butik\/wp-json\/wp\/v2\/product\/72226","targetHints":{"allow":["GET"]}}],"collection":[{"href":"https:\/\/www.atta45.se\/e-butik\/wp-json\/wp\/v2\/product"}],"about":[{"href":"https:\/\/www.atta45.se\/e-butik\/wp-json\/wp\/v2\/types\/product"}],"wp:featuredmedia":[{"embeddable":true,"href":"https:\/\/www.atta45.se\/e-butik\/wp-json\/wp\/v2\/media\/72227"}],"wp:attachment":[{"href":"https:\/\/www.atta45.se\/e-butik\/wp-json\/wp\/v2\/media?parent=72226"}],"wp:term":[{"taxonomy":"product_brand","embeddable":true,"href":"https:\/\/www.atta45.se\/e-butik\/wp-json\/wp\/v2\/product_brand?post=72226"},{"taxonomy":"product_cat","embeddable":true,"href":"https:\/\/www.atta45.se\/e-butik\/wp-json\/wp\/v2\/product_cat?post=72226"},{"taxonomy":"product_tag","embeddable":true,"href":"https:\/\/www.atta45.se\/e-butik\/wp-json\/wp\/v2\/product_tag?post=72226"}],"curies":[{"name":"wp","href":"https:\/\/api.w.org\/{rel}","templated":true}]}}