{"id":72142,"date":"2024-12-27T01:24:26","date_gmt":"2024-12-27T00:24:26","guid":{"rendered":"https:\/\/www.atta45.se\/e-butik\/?post_type=product&#038;p=72142"},"modified":"2025-10-27T19:17:43","modified_gmt":"2025-10-27T18:17:43","slug":"james","status":"publish","type":"product","link":"https:\/\/www.atta45.se\/e-butik\/produkt\/james\/","title":{"rendered":"Glas James"},"content":{"rendered":"<p>Ett intressant smakglas, till\u00e4gnat whisky. Tillverkad av europeiskt glas av h\u00f6gsta kvalitet. Den ursprungliga moderna formen g\u00f6r att den definitivt drar till sig uppm\u00e4rksamhet f\u00f6r det anv\u00e4nda varum\u00e4rket.<\/p>\n","protected":false},"excerpt":{"rendered":"<p>Ett intressant smakglas, till\u00e4gnat whisky. Tillverkad av europeiskt glas av h\u00f6gsta kvalitet. Den ursprungliga moderna formen g\u00f6r att den definitivt drar till sig uppm\u00e4rksamhet f\u00f6r det anv\u00e4nda varum\u00e4rket.<\/p>\n","protected":false},"featured_media":72143,"template":"","meta":{"_acf_changed":false,"_seopress_robots_primary_cat":"","_seopress_titles_title":"","_seopress_titles_desc":"","_seopress_robots_index":""},"product_brand":[],"product_cat":[15],"product_tag":[],"class_list":{"0":"post-72142","1":"product","2":"type-product","3":"status-publish","4":"has-post-thumbnail","6":"product_cat-okategoriserad","7":"atta45_taxonomy-tema-inspiration-varumarken-cupline-sv","8":"atta45_taxonomy-hem-hushall-glas-sv","9":"atta45_taxonomy-muggar-glas-sv","10":"atta45_taxonomy-nyheter-sv","12":"first","13":"instock","14":"taxable","15":"shipping-taxable","16":"purchasable","17":"product-type-variable"},"acf":[],"_links":{"self":[{"href":"https:\/\/www.atta45.se\/e-butik\/wp-json\/wp\/v2\/product\/72142","targetHints":{"allow":["GET"]}}],"collection":[{"href":"https:\/\/www.atta45.se\/e-butik\/wp-json\/wp\/v2\/product"}],"about":[{"href":"https:\/\/www.atta45.se\/e-butik\/wp-json\/wp\/v2\/types\/product"}],"wp:featuredmedia":[{"embeddable":true,"href":"https:\/\/www.atta45.se\/e-butik\/wp-json\/wp\/v2\/media\/72143"}],"wp:attachment":[{"href":"https:\/\/www.atta45.se\/e-butik\/wp-json\/wp\/v2\/media?parent=72142"}],"wp:term":[{"taxonomy":"product_brand","embeddable":true,"href":"https:\/\/www.atta45.se\/e-butik\/wp-json\/wp\/v2\/product_brand?post=72142"},{"taxonomy":"product_cat","embeddable":true,"href":"https:\/\/www.atta45.se\/e-butik\/wp-json\/wp\/v2\/product_cat?post=72142"},{"taxonomy":"product_tag","embeddable":true,"href":"https:\/\/www.atta45.se\/e-butik\/wp-json\/wp\/v2\/product_tag?post=72142"}],"curies":[{"name":"wp","href":"https:\/\/api.w.org\/{rel}","templated":true}]}}