{"id":72126,"date":"2024-12-27T01:24:00","date_gmt":"2024-12-27T00:24:00","guid":{"rendered":"https:\/\/www.atta45.se\/e-butik\/?post_type=product&#038;p=72126"},"modified":"2025-10-27T19:17:33","modified_gmt":"2025-10-27T18:17:33","slug":"stella","status":"publish","type":"product","link":"https:\/\/www.atta45.se\/e-butik\/produkt\/stella\/","title":{"rendered":"Glas Stella"},"content":{"rendered":"<p>Ett h\u00f6gt glas med en moderiktig l\u00e4tt rundad form. Det k\u00e4nnetecknas av h\u00f6g kapacitet och universalitet av applikationer. Tillverkad av tunt glas av europeiskt ursprung. Tack vare det breda utbudet av varum\u00e4rken \u00e4r det en idealisk modell som kommer att s\u00e4rskilja det marknadsf\u00f6rda varum\u00e4rket fr\u00e5n andra.<\/p>\n","protected":false},"excerpt":{"rendered":"<p>Ett h\u00f6gt glas med en moderiktig l\u00e4tt rundad form. Det k\u00e4nnetecknas av h\u00f6g kapacitet och universalitet av applikationer. Tillverkad av tunt glas av europeiskt ursprung. Tack vare det breda utbudet av varum\u00e4rken \u00e4r det en idealisk modell som kommer att s\u00e4rskilja det marknadsf\u00f6rda varum\u00e4rket fr\u00e5n andra.<\/p>\n","protected":false},"featured_media":72127,"template":"","meta":{"_acf_changed":false,"_seopress_robots_primary_cat":"","_seopress_titles_title":"","_seopress_titles_desc":"","_seopress_robots_index":""},"product_brand":[],"product_cat":[15],"product_tag":[],"class_list":{"0":"post-72126","1":"product","2":"type-product","3":"status-publish","4":"has-post-thumbnail","6":"product_cat-okategoriserad","7":"atta45_taxonomy-tema-inspiration-varumarken-cupline-sv","8":"atta45_taxonomy-hem-hushall-glas-sv","9":"atta45_taxonomy-muggar-glas-sv","10":"atta45_taxonomy-nyheter-sv","12":"first","13":"instock","14":"taxable","15":"shipping-taxable","16":"purchasable","17":"product-type-variable"},"acf":[],"_links":{"self":[{"href":"https:\/\/www.atta45.se\/e-butik\/wp-json\/wp\/v2\/product\/72126","targetHints":{"allow":["GET"]}}],"collection":[{"href":"https:\/\/www.atta45.se\/e-butik\/wp-json\/wp\/v2\/product"}],"about":[{"href":"https:\/\/www.atta45.se\/e-butik\/wp-json\/wp\/v2\/types\/product"}],"wp:featuredmedia":[{"embeddable":true,"href":"https:\/\/www.atta45.se\/e-butik\/wp-json\/wp\/v2\/media\/72127"}],"wp:attachment":[{"href":"https:\/\/www.atta45.se\/e-butik\/wp-json\/wp\/v2\/media?parent=72126"}],"wp:term":[{"taxonomy":"product_brand","embeddable":true,"href":"https:\/\/www.atta45.se\/e-butik\/wp-json\/wp\/v2\/product_brand?post=72126"},{"taxonomy":"product_cat","embeddable":true,"href":"https:\/\/www.atta45.se\/e-butik\/wp-json\/wp\/v2\/product_cat?post=72126"},{"taxonomy":"product_tag","embeddable":true,"href":"https:\/\/www.atta45.se\/e-butik\/wp-json\/wp\/v2\/product_tag?post=72126"}],"curies":[{"name":"wp","href":"https:\/\/api.w.org\/{rel}","templated":true}]}}