{"id":72023,"date":"2024-12-27T01:21:04","date_gmt":"2024-12-27T00:21:04","guid":{"rendered":"https:\/\/www.atta45.se\/e-butik\/?post_type=product&#038;p=72023"},"modified":"2025-10-27T19:14:08","modified_gmt":"2025-10-27T18:14:08","slug":"splash","status":"publish","type":"product","link":"https:\/\/www.atta45.se\/e-butik\/produkt\/splash\/","title":{"rendered":"Glas Splash"},"content":{"rendered":"<p>Enkel elegans f\u00f6r att f\u00f6rsk\u00f6na varum\u00e4rket. Elegant glas med raka v\u00e4ggar. Den har ett brett utbud av dekorationer och exponerar perfekt varum\u00e4rkets budskap.<\/p>\n","protected":false},"excerpt":{"rendered":"<p>Enkel elegans f\u00f6r att f\u00f6rsk\u00f6na varum\u00e4rket. Elegant glas med raka v\u00e4ggar. Den har ett brett utbud av dekorationer och exponerar perfekt varum\u00e4rkets budskap.<\/p>\n","protected":false},"featured_media":72024,"template":"","meta":{"_acf_changed":false,"_seopress_robots_primary_cat":"","_seopress_titles_title":"","_seopress_titles_desc":"","_seopress_robots_index":""},"product_brand":[],"product_cat":[15],"product_tag":[],"class_list":{"0":"post-72023","1":"product","2":"type-product","3":"status-publish","4":"has-post-thumbnail","6":"product_cat-okategoriserad","7":"atta45_taxonomy-tema-inspiration-varumarken-cupline-sv","8":"atta45_taxonomy-hem-hushall-glas-sv","9":"atta45_taxonomy-muggar-glas-sv","11":"first","12":"instock","13":"taxable","14":"shipping-taxable","15":"purchasable","16":"product-type-variable"},"acf":[],"_links":{"self":[{"href":"https:\/\/www.atta45.se\/e-butik\/wp-json\/wp\/v2\/product\/72023","targetHints":{"allow":["GET"]}}],"collection":[{"href":"https:\/\/www.atta45.se\/e-butik\/wp-json\/wp\/v2\/product"}],"about":[{"href":"https:\/\/www.atta45.se\/e-butik\/wp-json\/wp\/v2\/types\/product"}],"wp:featuredmedia":[{"embeddable":true,"href":"https:\/\/www.atta45.se\/e-butik\/wp-json\/wp\/v2\/media\/72024"}],"wp:attachment":[{"href":"https:\/\/www.atta45.se\/e-butik\/wp-json\/wp\/v2\/media?parent=72023"}],"wp:term":[{"taxonomy":"product_brand","embeddable":true,"href":"https:\/\/www.atta45.se\/e-butik\/wp-json\/wp\/v2\/product_brand?post=72023"},{"taxonomy":"product_cat","embeddable":true,"href":"https:\/\/www.atta45.se\/e-butik\/wp-json\/wp\/v2\/product_cat?post=72023"},{"taxonomy":"product_tag","embeddable":true,"href":"https:\/\/www.atta45.se\/e-butik\/wp-json\/wp\/v2\/product_tag?post=72023"}],"curies":[{"name":"wp","href":"https:\/\/api.w.org\/{rel}","templated":true}]}}