{"id":72015,"date":"2024-12-27T01:20:45","date_gmt":"2024-12-27T00:20:45","guid":{"rendered":"https:\/\/www.atta45.se\/e-butik\/?post_type=product&#038;p=72015"},"modified":"2025-10-27T19:13:56","modified_gmt":"2025-10-27T18:13:56","slug":"chill","status":"publish","type":"product","link":"https:\/\/www.atta45.se\/e-butik\/produkt\/chill\/","title":{"rendered":"Glas Chill"},"content":{"rendered":"<p>Sofistikerat glas med stora m\u00f6jligheter. Ett stilrent glas med en sp\u00e4nnande form. Det \u00e4r en intressant bakgrund f\u00f6r olika typer av dekorationer.<\/p>\n","protected":false},"excerpt":{"rendered":"<p>Sofistikerat glas med stora m\u00f6jligheter. Ett stilrent glas med en sp\u00e4nnande form. Det \u00e4r en intressant bakgrund f\u00f6r olika typer av dekorationer.<\/p>\n","protected":false},"featured_media":72016,"template":"","meta":{"_acf_changed":false,"_seopress_robots_primary_cat":"","_seopress_titles_title":"","_seopress_titles_desc":"","_seopress_robots_index":""},"product_brand":[],"product_cat":[15],"product_tag":[],"class_list":{"0":"post-72015","1":"product","2":"type-product","3":"status-publish","4":"has-post-thumbnail","6":"product_cat-okategoriserad","7":"atta45_taxonomy-tema-inspiration-varumarken-cupline-sv","8":"atta45_taxonomy-hem-hushall-glas-sv","9":"atta45_taxonomy-muggar-glas-sv","11":"first","12":"instock","13":"taxable","14":"shipping-taxable","15":"purchasable","16":"product-type-variable"},"acf":[],"_links":{"self":[{"href":"https:\/\/www.atta45.se\/e-butik\/wp-json\/wp\/v2\/product\/72015","targetHints":{"allow":["GET"]}}],"collection":[{"href":"https:\/\/www.atta45.se\/e-butik\/wp-json\/wp\/v2\/product"}],"about":[{"href":"https:\/\/www.atta45.se\/e-butik\/wp-json\/wp\/v2\/types\/product"}],"wp:featuredmedia":[{"embeddable":true,"href":"https:\/\/www.atta45.se\/e-butik\/wp-json\/wp\/v2\/media\/72016"}],"wp:attachment":[{"href":"https:\/\/www.atta45.se\/e-butik\/wp-json\/wp\/v2\/media?parent=72015"}],"wp:term":[{"taxonomy":"product_brand","embeddable":true,"href":"https:\/\/www.atta45.se\/e-butik\/wp-json\/wp\/v2\/product_brand?post=72015"},{"taxonomy":"product_cat","embeddable":true,"href":"https:\/\/www.atta45.se\/e-butik\/wp-json\/wp\/v2\/product_cat?post=72015"},{"taxonomy":"product_tag","embeddable":true,"href":"https:\/\/www.atta45.se\/e-butik\/wp-json\/wp\/v2\/product_tag?post=72015"}],"curies":[{"name":"wp","href":"https:\/\/api.w.org\/{rel}","templated":true}]}}