{"id":71936,"date":"2024-12-27T01:19:00","date_gmt":"2024-12-27T00:19:00","guid":{"rendered":"https:\/\/www.atta45.se\/e-butik\/?post_type=product&#038;p=71936"},"modified":"2025-10-27T16:34:18","modified_gmt":"2025-10-27T15:34:18","slug":"magnet-av-bambu-med-kapsyloppare-ace","status":"publish","type":"product","link":"https:\/\/www.atta45.se\/e-butik\/produkt\/magnet-av-bambu-med-kapsyloppare-ace\/","title":{"rendered":"Magnet av bambu med kapsyl\u00f6ppare Ace"},"content":{"rendered":"<p>Magnet med kapsyl\u00f6ppnare plaerad p\u00e5 sinsidan f\u00f6r att inte repa ytor.<\/p>\n","protected":false},"excerpt":{"rendered":"<p>Magnet med kapsyl\u00f6ppnare plaerad p\u00e5 sinsidan f\u00f6r att inte repa ytor.<\/p>\n","protected":false},"featured_media":71937,"template":"","meta":{"_acf_changed":false,"_seopress_robots_primary_cat":"","_seopress_titles_title":"","_seopress_titles_desc":"","_seopress_robots_index":""},"product_brand":[],"product_cat":[15],"product_tag":[],"class_list":{"0":"post-71936","1":"product","2":"type-product","3":"status-publish","4":"has-post-thumbnail","6":"product_cat-okategoriserad","7":"atta45_taxonomy-tema-inspiration-grona-intryck-bambu-sv","8":"atta45_taxonomy-hem-hushall-flaskoppnare-sv","9":"atta45_taxonomy-tema-inspiration-grona-intryck-sv","10":"atta45_taxonomy-tema-inspiration-speciella-trycktekniker-name-it-sv","12":"first","13":"instock","14":"taxable","15":"shipping-taxable","16":"purchasable","17":"product-type-variable"},"acf":[],"_links":{"self":[{"href":"https:\/\/www.atta45.se\/e-butik\/wp-json\/wp\/v2\/product\/71936","targetHints":{"allow":["GET"]}}],"collection":[{"href":"https:\/\/www.atta45.se\/e-butik\/wp-json\/wp\/v2\/product"}],"about":[{"href":"https:\/\/www.atta45.se\/e-butik\/wp-json\/wp\/v2\/types\/product"}],"wp:featuredmedia":[{"embeddable":true,"href":"https:\/\/www.atta45.se\/e-butik\/wp-json\/wp\/v2\/media\/71937"}],"wp:attachment":[{"href":"https:\/\/www.atta45.se\/e-butik\/wp-json\/wp\/v2\/media?parent=71936"}],"wp:term":[{"taxonomy":"product_brand","embeddable":true,"href":"https:\/\/www.atta45.se\/e-butik\/wp-json\/wp\/v2\/product_brand?post=71936"},{"taxonomy":"product_cat","embeddable":true,"href":"https:\/\/www.atta45.se\/e-butik\/wp-json\/wp\/v2\/product_cat?post=71936"},{"taxonomy":"product_tag","embeddable":true,"href":"https:\/\/www.atta45.se\/e-butik\/wp-json\/wp\/v2\/product_tag?post=71936"}],"curies":[{"name":"wp","href":"https:\/\/api.w.org\/{rel}","templated":true}]}}