{"id":71784,"date":"2024-12-27T01:17:02","date_gmt":"2024-12-27T00:17:02","guid":{"rendered":"https:\/\/www.atta45.se\/e-butik\/?post_type=product&#038;p=71784"},"modified":"2025-10-28T00:17:56","modified_gmt":"2025-10-27T23:17:56","slug":"multifunktionell-nyckelring-i-rostfritt-stal","status":"publish","type":"product","link":"https:\/\/www.atta45.se\/e-butik\/produkt\/multifunktionell-nyckelring-i-rostfritt-stal\/","title":{"rendered":"Multifunktionell nyckelring i rostfritt st\u00e5l Gavin"},"content":{"rendered":"<p>Multifunktionell nyckelring i rostfritt st\u00e5l med kundvagnsmynt och flask\u00f6ppnare. F\u00f6rpackad i polybag.<\/p>\n","protected":false},"excerpt":{"rendered":"<p>Multifunktionell nyckelring i rostfritt st\u00e5l med kundvagnsmynt och flask\u00f6ppnare. F\u00f6rpackad i polybag.<\/p>\n","protected":false},"featured_media":71785,"template":"","meta":{"_acf_changed":false,"_seopress_robots_primary_cat":"","_seopress_titles_title":"","_seopress_titles_desc":"","_seopress_robots_index":""},"product_brand":[],"product_cat":[15],"product_tag":[],"class_list":{"0":"post-71784","1":"product","2":"type-product","3":"status-publish","4":"has-post-thumbnail","6":"product_cat-okategoriserad","7":"atta45_taxonomy-hem-hushall-flaskoppnare-sv","8":"atta45_taxonomy-praktiska-ting-nyckelringar-med-lampor-sv","9":"atta45_taxonomy-praktiska-ting-nyckelringar-utan-lampor-sv","10":"atta45_taxonomy-nyheter-sv","11":"atta45_taxonomy-tema-inspiration-utvalda-produkter-nyheter-sv","12":"atta45_taxonomy-tema-inspiration-varumarken-sv","14":"first","15":"instock","16":"taxable","17":"shipping-taxable","18":"purchasable","19":"product-type-variable"},"acf":[],"_links":{"self":[{"href":"https:\/\/www.atta45.se\/e-butik\/wp-json\/wp\/v2\/product\/71784","targetHints":{"allow":["GET"]}}],"collection":[{"href":"https:\/\/www.atta45.se\/e-butik\/wp-json\/wp\/v2\/product"}],"about":[{"href":"https:\/\/www.atta45.se\/e-butik\/wp-json\/wp\/v2\/types\/product"}],"wp:featuredmedia":[{"embeddable":true,"href":"https:\/\/www.atta45.se\/e-butik\/wp-json\/wp\/v2\/media\/71785"}],"wp:attachment":[{"href":"https:\/\/www.atta45.se\/e-butik\/wp-json\/wp\/v2\/media?parent=71784"}],"wp:term":[{"taxonomy":"product_brand","embeddable":true,"href":"https:\/\/www.atta45.se\/e-butik\/wp-json\/wp\/v2\/product_brand?post=71784"},{"taxonomy":"product_cat","embeddable":true,"href":"https:\/\/www.atta45.se\/e-butik\/wp-json\/wp\/v2\/product_cat?post=71784"},{"taxonomy":"product_tag","embeddable":true,"href":"https:\/\/www.atta45.se\/e-butik\/wp-json\/wp\/v2\/product_tag?post=71784"}],"curies":[{"name":"wp","href":"https:\/\/api.w.org\/{rel}","templated":true}]}}