{"id":71768,"date":"2024-12-27T01:16:49","date_gmt":"2024-12-27T00:16:49","guid":{"rendered":"https:\/\/www.atta45.se\/e-butik\/?post_type=product&#038;p=71768"},"modified":"2025-10-28T00:07:28","modified_gmt":"2025-10-27T23:07:28","slug":"nyckelring-med-mattband-1-m","status":"publish","type":"product","link":"https:\/\/www.atta45.se\/e-butik\/produkt\/nyckelring-med-mattband-1-m\/","title":{"rendered":"Nyckelh\u00e5llare 2-i-1 PE Nassir"},"content":{"rendered":"<p>Nyckelring i plast med tummen upp. Inneh\u00e5ller \u00e4ven m\u00e5ttband, 1 m, med skala i cm\/tum.<\/p>\n","protected":false},"excerpt":{"rendered":"<p>Nyckelring i plast med tummen upp. Inneh\u00e5ller \u00e4ven m\u00e5ttband, 1 m, med skala i cm\/tum.<\/p>\n","protected":false},"featured_media":71769,"template":"","meta":{"_acf_changed":false,"_seopress_robots_primary_cat":"","_seopress_titles_title":"","_seopress_titles_desc":"","_seopress_robots_index":""},"product_brand":[],"product_cat":[15],"product_tag":[],"class_list":{"0":"post-71768","1":"product","2":"type-product","3":"status-publish","4":"has-post-thumbnail","6":"product_cat-okategoriserad","7":"atta45_taxonomy-tema-inspiration-ogonblick-arbete-pagar-sv","8":"atta45_taxonomy-reflexer-verktyg-sakerhet-biltillbehor-sv","9":"atta45_taxonomy-tema-inspiration-branscher-sv","10":"atta45_taxonomy-hem-hushall-flaskoppnare-sv","11":"atta45_taxonomy-tema-inspiration-branscher-fordonsindustrin-sv","12":"atta45_taxonomy-tema-inspiration-branscher-konstruktion-sv","13":"atta45_taxonomy-praktiska-ting-nyckelringar-utan-lampor-sv","14":"atta45_taxonomy-tema-inspiration-branscher-rekreation-sv","15":"atta45_taxonomy-tema-inspiration-branscher-sjukvard-sv","16":"atta45_taxonomy-tema-inspiration-branscher-skonhet-friskvard-sv","17":"atta45_taxonomy-tema-inspiration-sv","18":"atta45_taxonomy-tema-inspiration-branscher-utbildning-sv","20":"first","21":"instock","22":"taxable","23":"shipping-taxable","24":"purchasable","25":"product-type-variable"},"acf":[],"_links":{"self":[{"href":"https:\/\/www.atta45.se\/e-butik\/wp-json\/wp\/v2\/product\/71768","targetHints":{"allow":["GET"]}}],"collection":[{"href":"https:\/\/www.atta45.se\/e-butik\/wp-json\/wp\/v2\/product"}],"about":[{"href":"https:\/\/www.atta45.se\/e-butik\/wp-json\/wp\/v2\/types\/product"}],"wp:featuredmedia":[{"embeddable":true,"href":"https:\/\/www.atta45.se\/e-butik\/wp-json\/wp\/v2\/media\/71769"}],"wp:attachment":[{"href":"https:\/\/www.atta45.se\/e-butik\/wp-json\/wp\/v2\/media?parent=71768"}],"wp:term":[{"taxonomy":"product_brand","embeddable":true,"href":"https:\/\/www.atta45.se\/e-butik\/wp-json\/wp\/v2\/product_brand?post=71768"},{"taxonomy":"product_cat","embeddable":true,"href":"https:\/\/www.atta45.se\/e-butik\/wp-json\/wp\/v2\/product_cat?post=71768"},{"taxonomy":"product_tag","embeddable":true,"href":"https:\/\/www.atta45.se\/e-butik\/wp-json\/wp\/v2\/product_tag?post=71768"}],"curies":[{"name":"wp","href":"https:\/\/api.w.org\/{rel}","templated":true}]}}