{"id":71716,"date":"2024-12-27T01:16:09","date_gmt":"2024-12-27T00:16:09","guid":{"rendered":"https:\/\/www.atta45.se\/e-butik\/?post_type=product&#038;p=71716"},"modified":"2025-10-27T23:14:20","modified_gmt":"2025-10-27T22:14:20","slug":"ficklampa-med-oppnare-metall-led-lampa","status":"publish","type":"product","link":"https:\/\/www.atta45.se\/e-butik\/produkt\/ficklampa-med-oppnare-metall-led-lampa\/","title":{"rendered":"Ficklampa med flask\u00f6ppnare, metall, LED-lampa, Carla"},"content":{"rendered":"<p>Ficklampa i aluminium med LED-ljus, 3 dioder, inbyggd flask\u00f6ppnare och nyckelring. Tryckknapp av gummi p\u00e5 \u00e4ndan av lampan. Batterier medf\u00f6ljer.<\/p>\n","protected":false},"excerpt":{"rendered":"<p>Ficklampa i aluminium med LED-ljus, 3 dioder, inbyggd flask\u00f6ppnare och nyckelring. Tryckknapp av gummi p\u00e5 \u00e4ndan av lampan. Batterier medf\u00f6ljer.<\/p>\n","protected":false},"featured_media":71717,"template":"","meta":{"_acf_changed":false,"_seopress_robots_primary_cat":"","_seopress_titles_title":"","_seopress_titles_desc":"","_seopress_robots_index":""},"product_brand":[],"product_cat":[15],"product_tag":[],"class_list":{"0":"post-71716","1":"product","2":"type-product","3":"status-publish","4":"has-post-thumbnail","6":"product_cat-okategoriserad","7":"atta45_taxonomy-tema-inspiration-ogonblick-fargglad-lycka-sv","8":"atta45_taxonomy-hem-hushall-flaskoppnare-sv","9":"atta45_taxonomy-reflexer-verktyg-sakerhet-lampor-sv","10":"atta45_taxonomy-tema-inspiration-speciella-trycktekniker-name-it-sv","11":"atta45_taxonomy-praktiska-ting-nyckelringar-med-lampor-sv","12":"atta45_taxonomy-praktiska-ting-nyckelringar-utan-lampor-sv","13":"atta45_taxonomy-tema-inspiration-utvalda-produkter-snabbleverans-sv","14":"atta45_taxonomy-tema-inspiration-ogonblick-sporthandelser-sv","15":"atta45_taxonomy-tema-inspiration-sv","17":"first","18":"instock","19":"taxable","20":"shipping-taxable","21":"purchasable","22":"product-type-variable"},"acf":[],"_links":{"self":[{"href":"https:\/\/www.atta45.se\/e-butik\/wp-json\/wp\/v2\/product\/71716","targetHints":{"allow":["GET"]}}],"collection":[{"href":"https:\/\/www.atta45.se\/e-butik\/wp-json\/wp\/v2\/product"}],"about":[{"href":"https:\/\/www.atta45.se\/e-butik\/wp-json\/wp\/v2\/types\/product"}],"wp:featuredmedia":[{"embeddable":true,"href":"https:\/\/www.atta45.se\/e-butik\/wp-json\/wp\/v2\/media\/71717"}],"wp:attachment":[{"href":"https:\/\/www.atta45.se\/e-butik\/wp-json\/wp\/v2\/media?parent=71716"}],"wp:term":[{"taxonomy":"product_brand","embeddable":true,"href":"https:\/\/www.atta45.se\/e-butik\/wp-json\/wp\/v2\/product_brand?post=71716"},{"taxonomy":"product_cat","embeddable":true,"href":"https:\/\/www.atta45.se\/e-butik\/wp-json\/wp\/v2\/product_cat?post=71716"},{"taxonomy":"product_tag","embeddable":true,"href":"https:\/\/www.atta45.se\/e-butik\/wp-json\/wp\/v2\/product_tag?post=71716"}],"curies":[{"name":"wp","href":"https:\/\/api.w.org\/{rel}","templated":true}]}}