{"id":71668,"date":"2024-12-27T01:14:54","date_gmt":"2024-12-27T00:14:54","guid":{"rendered":"https:\/\/www.atta45.se\/e-butik\/?post_type=product&#038;p=71668"},"modified":"2025-10-27T22:29:46","modified_gmt":"2025-10-27T21:29:46","slug":"hammare-med-oppnare","status":"publish","type":"product","link":"https:\/\/www.atta45.se\/e-butik\/produkt\/hammare-med-oppnare\/","title":{"rendered":"Hammare med flask\u00f6ppnare, Omar"},"content":{"rendered":"<p>Hammaren f\u00f6r helgfixaren. Praktisk kapsyl\u00f6ppnare ist\u00e4llet f\u00f6r spikutdragare.<\/p>\n","protected":false},"excerpt":{"rendered":"<p>Hammaren f\u00f6r helgfixaren. Praktisk kapsyl\u00f6ppnare ist\u00e4llet f\u00f6r spikutdragare.<\/p>\n","protected":false},"featured_media":71669,"template":"","meta":{"_acf_changed":false,"_seopress_robots_primary_cat":"","_seopress_titles_title":"","_seopress_titles_desc":"","_seopress_robots_index":""},"product_brand":[],"product_cat":[15],"product_tag":[],"class_list":{"0":"post-71668","1":"product","2":"type-product","3":"status-publish","4":"has-post-thumbnail","6":"product_cat-okategoriserad","7":"atta45_taxonomy-tema-inspiration-ogonblick-arbete-pagar-sv","8":"atta45_taxonomy-tema-inspiration-branscher-sv","9":"atta45_taxonomy-hem-hushall-flaskoppnare-sv","10":"atta45_taxonomy-tema-inspiration-branscher-konstruktion-sv","11":"atta45_taxonomy-tema-inspiration-speciella-trycktekniker-name-it-sv","12":"atta45_taxonomy-tema-inspiration-sv","13":"atta45_taxonomy-reflexer-verktyg-sakerhet-verktyg-sv","15":"first","16":"instock","17":"taxable","18":"shipping-taxable","19":"purchasable","20":"product-type-variable"},"acf":[],"_links":{"self":[{"href":"https:\/\/www.atta45.se\/e-butik\/wp-json\/wp\/v2\/product\/71668","targetHints":{"allow":["GET"]}}],"collection":[{"href":"https:\/\/www.atta45.se\/e-butik\/wp-json\/wp\/v2\/product"}],"about":[{"href":"https:\/\/www.atta45.se\/e-butik\/wp-json\/wp\/v2\/types\/product"}],"wp:featuredmedia":[{"embeddable":true,"href":"https:\/\/www.atta45.se\/e-butik\/wp-json\/wp\/v2\/media\/71669"}],"wp:attachment":[{"href":"https:\/\/www.atta45.se\/e-butik\/wp-json\/wp\/v2\/media?parent=71668"}],"wp:term":[{"taxonomy":"product_brand","embeddable":true,"href":"https:\/\/www.atta45.se\/e-butik\/wp-json\/wp\/v2\/product_brand?post=71668"},{"taxonomy":"product_cat","embeddable":true,"href":"https:\/\/www.atta45.se\/e-butik\/wp-json\/wp\/v2\/product_cat?post=71668"},{"taxonomy":"product_tag","embeddable":true,"href":"https:\/\/www.atta45.se\/e-butik\/wp-json\/wp\/v2\/product_tag?post=71668"}],"curies":[{"name":"wp","href":"https:\/\/api.w.org\/{rel}","templated":true}]}}