{"id":71652,"date":"2024-12-27T01:14:40","date_gmt":"2024-12-27T00:14:40","guid":{"rendered":"https:\/\/www.atta45.se\/e-butik\/?post_type=product&#038;p=71652"},"modified":"2025-10-27T22:12:30","modified_gmt":"2025-10-27T21:12:30","slug":"nyckelring-med-oppnare-mynt-e1","status":"publish","type":"product","link":"https:\/\/www.atta45.se\/e-butik\/produkt\/nyckelring-med-oppnare-mynt-e1\/","title":{"rendered":"Nyckelring med \u00f6ppnare &amp; mynt (\u20ac1)"},"content":{"rendered":"<p>Nyckelring i metall med  kapsyl\u00f6ppnare och \u20ac 1 Euromynt. Myntet h\u00e5lles fast med hj\u00e4lp av en magnet. Fungerar \u00e4ven att anv\u00e4nda ett vanligt \u20ac 0,50 Euromynt. Levereras i en presentask.<\/p>\n","protected":false},"excerpt":{"rendered":"<p>Nyckelring i metall med kapsyl\u00f6ppnare och \u20ac 1 Euromynt. Myntet h\u00e5lles fast med hj\u00e4lp av en magnet. Fungerar \u00e4ven att anv\u00e4nda ett vanligt \u20ac 0,50 Euromynt. Levereras i en presentask.<\/p>\n","protected":false},"featured_media":71653,"template":"","meta":{"_acf_changed":false,"_seopress_robots_primary_cat":"","_seopress_titles_title":"","_seopress_titles_desc":"","_seopress_robots_index":""},"product_brand":[],"product_cat":[15],"product_tag":[],"class_list":{"0":"post-71652","1":"product","2":"type-product","3":"status-publish","4":"has-post-thumbnail","6":"product_cat-okategoriserad","7":"atta45_taxonomy-hem-hushall-flaskoppnare-sv","8":"atta45_taxonomy-tema-inspiration-ogonblick-kontorsliv-sv","9":"atta45_taxonomy-tema-inspiration-speciella-trycktekniker-name-it-sv","10":"atta45_taxonomy-praktiska-ting-nyckelringar-med-lampor-sv","11":"atta45_taxonomy-praktiska-ting-nyckelringar-utan-lampor-sv","12":"atta45_taxonomy-tema-inspiration-sv","14":"first","15":"instock","16":"taxable","17":"shipping-taxable","18":"purchasable","19":"product-type-variable"},"acf":[],"_links":{"self":[{"href":"https:\/\/www.atta45.se\/e-butik\/wp-json\/wp\/v2\/product\/71652","targetHints":{"allow":["GET"]}}],"collection":[{"href":"https:\/\/www.atta45.se\/e-butik\/wp-json\/wp\/v2\/product"}],"about":[{"href":"https:\/\/www.atta45.se\/e-butik\/wp-json\/wp\/v2\/types\/product"}],"wp:featuredmedia":[{"embeddable":true,"href":"https:\/\/www.atta45.se\/e-butik\/wp-json\/wp\/v2\/media\/71653"}],"wp:attachment":[{"href":"https:\/\/www.atta45.se\/e-butik\/wp-json\/wp\/v2\/media?parent=71652"}],"wp:term":[{"taxonomy":"product_brand","embeddable":true,"href":"https:\/\/www.atta45.se\/e-butik\/wp-json\/wp\/v2\/product_brand?post=71652"},{"taxonomy":"product_cat","embeddable":true,"href":"https:\/\/www.atta45.se\/e-butik\/wp-json\/wp\/v2\/product_cat?post=71652"},{"taxonomy":"product_tag","embeddable":true,"href":"https:\/\/www.atta45.se\/e-butik\/wp-json\/wp\/v2\/product_tag?post=71652"}],"curies":[{"name":"wp","href":"https:\/\/api.w.org\/{rel}","templated":true}]}}