{"id":71626,"date":"2024-12-27T01:14:22","date_gmt":"2024-12-27T00:14:22","guid":{"rendered":"https:\/\/www.atta45.se\/e-butik\/?post_type=product&#038;p=71626"},"modified":"2025-10-27T22:02:05","modified_gmt":"2025-10-27T21:02:05","slug":"kapsyloppnare-i-med-nyckelring-i-stal","status":"publish","type":"product","link":"https:\/\/www.atta45.se\/e-butik\/produkt\/kapsyloppnare-i-med-nyckelring-i-stal\/","title":{"rendered":"Kapsyl\u00f6ppnare i med nyckelring i st\u00e5l"},"content":{"rendered":"<p>Kapsyl\u00f6ppnare i med nyckelring i st\u00e5l. Med LED-lampa och 1 meter m\u00e5ttband. Batterier ing\u00e5r.<\/p>\n","protected":false},"excerpt":{"rendered":"<p>Kapsyl\u00f6ppnare i med nyckelring i st\u00e5l. Med LED-lampa och 1 meter m\u00e5ttband. Batterier ing\u00e5r.<\/p>\n","protected":false},"featured_media":71627,"template":"","meta":{"_acf_changed":false,"_seopress_robots_primary_cat":"","_seopress_titles_title":"","_seopress_titles_desc":"","_seopress_robots_index":""},"product_brand":[],"product_cat":[15],"product_tag":[],"class_list":{"0":"post-71626","1":"product","2":"type-product","3":"status-publish","4":"has-post-thumbnail","6":"product_cat-okategoriserad","7":"atta45_taxonomy-tema-inspiration-ogonblick-arbete-pagar-sv","8":"atta45_taxonomy-hem-hushall-flaskoppnare-sv","9":"atta45_taxonomy-praktiska-ting-nyckelringar-utan-lampor-sv","10":"atta45_taxonomy-tema-inspiration-sv","12":"first","13":"instock","14":"taxable","15":"shipping-taxable","16":"purchasable","17":"product-type-variable"},"acf":[],"_links":{"self":[{"href":"https:\/\/www.atta45.se\/e-butik\/wp-json\/wp\/v2\/product\/71626","targetHints":{"allow":["GET"]}}],"collection":[{"href":"https:\/\/www.atta45.se\/e-butik\/wp-json\/wp\/v2\/product"}],"about":[{"href":"https:\/\/www.atta45.se\/e-butik\/wp-json\/wp\/v2\/types\/product"}],"wp:featuredmedia":[{"embeddable":true,"href":"https:\/\/www.atta45.se\/e-butik\/wp-json\/wp\/v2\/media\/71627"}],"wp:attachment":[{"href":"https:\/\/www.atta45.se\/e-butik\/wp-json\/wp\/v2\/media?parent=71626"}],"wp:term":[{"taxonomy":"product_brand","embeddable":true,"href":"https:\/\/www.atta45.se\/e-butik\/wp-json\/wp\/v2\/product_brand?post=71626"},{"taxonomy":"product_cat","embeddable":true,"href":"https:\/\/www.atta45.se\/e-butik\/wp-json\/wp\/v2\/product_cat?post=71626"},{"taxonomy":"product_tag","embeddable":true,"href":"https:\/\/www.atta45.se\/e-butik\/wp-json\/wp\/v2\/product_tag?post=71626"}],"curies":[{"name":"wp","href":"https:\/\/api.w.org\/{rel}","templated":true}]}}