{"id":71616,"date":"2024-12-27T01:14:09","date_gmt":"2024-12-27T00:14:09","guid":{"rendered":"https:\/\/www.atta45.se\/e-butik\/?post_type=product&#038;p=71616"},"modified":"2025-10-27T19:48:24","modified_gmt":"2025-10-27T18:48:24","slug":"vinset-i-kork-milana","status":"publish","type":"product","link":"https:\/\/www.atta45.se\/e-butik\/produkt\/vinset-i-kork-milana\/","title":{"rendered":"Vinset i kork Milana"},"content":{"rendered":"<p>Vinset av kork med 4 tillbeh\u00f6r. Inkluderar kyparkniv, flaskstopp, droppf\u00e5ngare och h\u00e4llpip. Individuellt f\u00f6rpackad i en brun kartongl\u00e5da.<\/p>\n","protected":false},"excerpt":{"rendered":"<p>Vinset av kork med 4 tillbeh\u00f6r. Inkluderar kyparkniv, flaskstopp, droppf\u00e5ngare och h\u00e4llpip. Individuellt f\u00f6rpackad i en brun kartongl\u00e5da.<\/p>\n","protected":false},"featured_media":71617,"template":"","meta":{"_acf_changed":false,"_seopress_robots_primary_cat":"","_seopress_titles_title":"","_seopress_titles_desc":"","_seopress_robots_index":""},"product_brand":[],"product_cat":[15],"product_tag":[],"class_list":{"0":"post-71616","1":"product","2":"type-product","3":"status-publish","4":"has-post-thumbnail","6":"product_cat-okategoriserad","7":"atta45_taxonomy-hem-hushall-flaskoppnare-sv","8":"atta45_taxonomy-hem-hushall-koksartiklar-sv","9":"atta45_taxonomy-nyheter-sv","10":"atta45_taxonomy-tema-inspiration-utvalda-produkter-nyheter-sv","11":"atta45_taxonomy-hem-hushall-ostbrickor-sv","12":"atta45_taxonomy-hem-hushall-vintillbehor-sv","14":"first","15":"instock","16":"taxable","17":"shipping-taxable","18":"purchasable","19":"product-type-variable"},"acf":[],"_links":{"self":[{"href":"https:\/\/www.atta45.se\/e-butik\/wp-json\/wp\/v2\/product\/71616","targetHints":{"allow":["GET"]}}],"collection":[{"href":"https:\/\/www.atta45.se\/e-butik\/wp-json\/wp\/v2\/product"}],"about":[{"href":"https:\/\/www.atta45.se\/e-butik\/wp-json\/wp\/v2\/types\/product"}],"wp:featuredmedia":[{"embeddable":true,"href":"https:\/\/www.atta45.se\/e-butik\/wp-json\/wp\/v2\/media\/71617"}],"wp:attachment":[{"href":"https:\/\/www.atta45.se\/e-butik\/wp-json\/wp\/v2\/media?parent=71616"}],"wp:term":[{"taxonomy":"product_brand","embeddable":true,"href":"https:\/\/www.atta45.se\/e-butik\/wp-json\/wp\/v2\/product_brand?post=71616"},{"taxonomy":"product_cat","embeddable":true,"href":"https:\/\/www.atta45.se\/e-butik\/wp-json\/wp\/v2\/product_cat?post=71616"},{"taxonomy":"product_tag","embeddable":true,"href":"https:\/\/www.atta45.se\/e-butik\/wp-json\/wp\/v2\/product_tag?post=71616"}],"curies":[{"name":"wp","href":"https:\/\/api.w.org\/{rel}","templated":true}]}}