{"id":71606,"date":"2024-12-27T01:13:58","date_gmt":"2024-12-27T00:13:58","guid":{"rendered":"https:\/\/www.atta45.se\/e-butik\/?post_type=product&#038;p=71606"},"modified":"2025-10-27T17:02:32","modified_gmt":"2025-10-27T16:02:32","slug":"atervunnen-glaskaraff-1-liter-rowena","status":"publish","type":"product","link":"https:\/\/www.atta45.se\/e-butik\/produkt\/atervunnen-glaskaraff-1-liter-rowena\/","title":{"rendered":"Glaskaraff \u00c5tervunnen (1 liter) Rowena"},"content":{"rendered":"<p>\u00c5tervunnen glaskaraff (1 liter). Med korklock. Tillverkad f\u00f6r kalla drycker. Individuellt f\u00f6rpackad i en kraftpappersbox.<\/p>\n","protected":false},"excerpt":{"rendered":"<p>\u00c5tervunnen glaskaraff (1 liter). Med korklock. Tillverkad f\u00f6r kalla drycker. Individuellt f\u00f6rpackad i en kraftpappersbox.<\/p>\n","protected":false},"featured_media":71607,"template":"","meta":{"_acf_changed":false,"_seopress_robots_primary_cat":"","_seopress_titles_title":"","_seopress_titles_desc":"","_seopress_robots_index":""},"product_brand":[],"product_cat":[15],"product_tag":[],"class_list":{"0":"post-71606","1":"product","2":"type-product","3":"status-publish","4":"has-post-thumbnail","6":"product_cat-okategoriserad","7":"atta45_taxonomy-tema-inspiration-grona-intryck-bambu-sv","8":"atta45_taxonomy-tema-inspiration-grona-intryck-sv","9":"atta45_taxonomy-hem-hushall-sv","10":"atta45_taxonomy-hem-hushall-koksartiklar-sv","11":"atta45_taxonomy-nyheter-sv","12":"atta45_taxonomy-tema-inspiration-utvalda-produkter-nyheter-sv","13":"atta45_taxonomy-hem-hushall-ostbrickor-sv","14":"atta45_taxonomy-tema-inspiration-branscher-skonhet-friskvard-sv","15":"atta45_taxonomy-tema-inspiration-ogonblick-sommargladje-sv","16":"atta45_taxonomy-tema-inspiration-sv","17":"atta45_taxonomy-hem-hushall-vintillbehor-sv","19":"first","20":"instock","21":"taxable","22":"shipping-taxable","23":"purchasable","24":"product-type-variable"},"acf":[],"_links":{"self":[{"href":"https:\/\/www.atta45.se\/e-butik\/wp-json\/wp\/v2\/product\/71606","targetHints":{"allow":["GET"]}}],"collection":[{"href":"https:\/\/www.atta45.se\/e-butik\/wp-json\/wp\/v2\/product"}],"about":[{"href":"https:\/\/www.atta45.se\/e-butik\/wp-json\/wp\/v2\/types\/product"}],"wp:featuredmedia":[{"embeddable":true,"href":"https:\/\/www.atta45.se\/e-butik\/wp-json\/wp\/v2\/media\/71607"}],"wp:attachment":[{"href":"https:\/\/www.atta45.se\/e-butik\/wp-json\/wp\/v2\/media?parent=71606"}],"wp:term":[{"taxonomy":"product_brand","embeddable":true,"href":"https:\/\/www.atta45.se\/e-butik\/wp-json\/wp\/v2\/product_brand?post=71606"},{"taxonomy":"product_cat","embeddable":true,"href":"https:\/\/www.atta45.se\/e-butik\/wp-json\/wp\/v2\/product_cat?post=71606"},{"taxonomy":"product_tag","embeddable":true,"href":"https:\/\/www.atta45.se\/e-butik\/wp-json\/wp\/v2\/product_tag?post=71606"}],"curies":[{"name":"wp","href":"https:\/\/api.w.org\/{rel}","templated":true}]}}