{"id":71596,"date":"2024-12-27T01:13:47","date_gmt":"2024-12-27T00:13:47","guid":{"rendered":"https:\/\/www.atta45.se\/e-butik\/?post_type=product&#038;p=71596"},"modified":"2025-10-27T16:57:39","modified_gmt":"2025-10-27T15:57:39","slug":"bambuljus-eli","status":"publish","type":"product","link":"https:\/\/www.atta45.se\/e-butik\/produkt\/bambuljus-eli\/","title":{"rendered":"Ljus bambu Eli"},"content":{"rendered":"<p>Bambuljus med v\u00e4xtbaserat vax. Ljuset inneh\u00e5ller huvudsakligen v\u00e4xtbaserat vax (karnaubavax) och har en brinntid p\u00e5 ca 30 timmar. Packad individuellt i en vit box.<\/p>\n","protected":false},"excerpt":{"rendered":"<p>Bambuljus med v\u00e4xtbaserat vax. Ljuset inneh\u00e5ller huvudsakligen v\u00e4xtbaserat vax (karnaubavax) och har en brinntid p\u00e5 ca 30 timmar. Packad individuellt i en vit box.<\/p>\n","protected":false},"featured_media":71597,"template":"","meta":{"_acf_changed":false,"_seopress_robots_primary_cat":"","_seopress_titles_title":"","_seopress_titles_desc":"","_seopress_robots_index":""},"product_brand":[],"product_cat":[15],"product_tag":[],"class_list":{"0":"post-71596","1":"product","2":"type-product","3":"status-publish","4":"has-post-thumbnail","6":"product_cat-okategoriserad","7":"atta45_taxonomy-tema-inspiration-grona-intryck-bambu-sv","8":"atta45_taxonomy-tema-inspiration-grona-intryck-sv","9":"atta45_taxonomy-hem-hushall-sv","10":"atta45_taxonomy-tema-inspiration-sasong-host-sv","11":"atta45_taxonomy-hem-hushall-ljus-doftset-sv","12":"atta45_taxonomy-tema-inspiration-speciella-trycktekniker-name-it-sv","13":"atta45_taxonomy-tema-inspiration-speciella-trycktekniker-mega-laser-sv","14":"atta45_taxonomy-tema-inspiration-ogonblick-sv","15":"atta45_taxonomy-tema-inspiration-ogonblick-regniga-dagar-sv","16":"atta45_taxonomy-tema-inspiration-sasong-sv","17":"atta45_taxonomy-tema-inspiration-branscher-skonhet-friskvard-sv","18":"atta45_taxonomy-tema-inspiration-speciella-trycktekniker-sv","19":"atta45_taxonomy-tema-inspiration-sv","21":"first","22":"instock","23":"taxable","24":"shipping-taxable","25":"purchasable","26":"product-type-variable"},"acf":[],"_links":{"self":[{"href":"https:\/\/www.atta45.se\/e-butik\/wp-json\/wp\/v2\/product\/71596","targetHints":{"allow":["GET"]}}],"collection":[{"href":"https:\/\/www.atta45.se\/e-butik\/wp-json\/wp\/v2\/product"}],"about":[{"href":"https:\/\/www.atta45.se\/e-butik\/wp-json\/wp\/v2\/types\/product"}],"wp:featuredmedia":[{"embeddable":true,"href":"https:\/\/www.atta45.se\/e-butik\/wp-json\/wp\/v2\/media\/71597"}],"wp:attachment":[{"href":"https:\/\/www.atta45.se\/e-butik\/wp-json\/wp\/v2\/media?parent=71596"}],"wp:term":[{"taxonomy":"product_brand","embeddable":true,"href":"https:\/\/www.atta45.se\/e-butik\/wp-json\/wp\/v2\/product_brand?post=71596"},{"taxonomy":"product_cat","embeddable":true,"href":"https:\/\/www.atta45.se\/e-butik\/wp-json\/wp\/v2\/product_cat?post=71596"},{"taxonomy":"product_tag","embeddable":true,"href":"https:\/\/www.atta45.se\/e-butik\/wp-json\/wp\/v2\/product_tag?post=71596"}],"curies":[{"name":"wp","href":"https:\/\/api.w.org\/{rel}","templated":true}]}}